{"id":897,"date":"2017-09-01T15:14:25","date_gmt":"2017-09-01T15:14:25","guid":{"rendered":"http:\/\/manualdetecnicafotografica.com\/blog\/?page_id=897"},"modified":"2018-01-10T18:14:30","modified_gmt":"2018-01-10T18:14:30","slug":"aprende-ajustar-la-exposicion-simple-truco","status":"publish","type":"page","link":"https:\/\/manualdetecnicafotografica.com\/blog\/aprende-ajustar-la-exposicion-simple-truco\/","title":{"rendered":"Aprende a ajustar la exposici\u00f3n con un simple truco"},"content":{"rendered":"<p class=\"ttfm4\" data-default=\"Enter your text here...\">Existe un simple truco (o t\u00e9cnica) para lograr un buen ajuste de la exposici\u00f3n, que casi siempre se acerca mucho a lo ideal (aunque no sea infalible):\u00a0<span class=\"bold_text underline_text\">El expos\u00edmetro<\/span>.<\/p>\n<p data-default=\"Enter your text here...\">Quiero compartirte esta t\u00e9cnica para que aprendas a utilizar el expos\u00edmetro, que se ve algo as\u00ed en el visor de tu c\u00e1mara:<img loading=\"lazy\" decoding=\"async\" class=\"size-full wp-image-257 aligncenter\" src=\"https:\/\/manualdetecnicafotografica.com\/blog\/wp-content\/uploads\/2016\/04\/exposimetro.jpg\" alt=\"exposimetro\" width=\"139\" height=\"43\" \/><\/p>\n<p class=\"ttfm4\"><span class=\"bold_text\"><strong>El objetivo de todo fot\u00f3grafo es lograr la\u00a0iluminaci\u00f3n exacta<\/strong>\u00a0para que cada foto que tomamos no se vea ni muy oscura ni muy clara, sino que se sea un fiel reflejo de la realidad que vemos con nuestros propios ojos.<\/span><\/p>\n<p class=\"ttfm4\">Para la mayor\u00eda de principiantes esta es una tarea extremadamente dif\u00edcil, sobre todo porque la mayor\u00eda no hace uso correcto de la ayuda que le proporciona su c\u00e1mara.<\/p>\n<p class=\"ttfm4\"><strong><img loading=\"lazy\" decoding=\"async\" class=\"size-medium wp-image-509 alignleft\" src=\"https:\/\/manualdetecnicafotografica.com\/blog\/wp-content\/uploads\/2016\/09\/usar-tripode-1-300x200.jpg\" alt=\"\" width=\"300\" height=\"200\" srcset=\"https:\/\/manualdetecnicafotografica.com\/blog\/wp-content\/uploads\/2016\/09\/usar-tripode-1-300x200.jpg 300w, https:\/\/manualdetecnicafotografica.com\/blog\/wp-content\/uploads\/2016\/09\/usar-tripode-1-768x512.jpg 768w, https:\/\/manualdetecnicafotografica.com\/blog\/wp-content\/uploads\/2016\/09\/usar-tripode-1.jpg 833w\" sizes=\"auto, (max-width: 300px) 100vw, 300px\" \/>Si aprendes a usar el expos\u00edmetro podr\u00e1s r\u00e1pidamente dominar la exposici\u00f3n para cada una de tus fotos.<\/strong><\/p>\n<p class=\"ttfm4\">El expos\u00edmetro (o fot\u00f3metro) no es m\u00e1s ni menos que el mecanismo que utiliza la c\u00e1mara para medir la luz. La c\u00e1mara hace una medici\u00f3n de la luz y lo representa mediante el gr\u00e1fico que te mostr\u00e9 arriba.<\/p>\n<p class=\"ttfm4\">Seguramente ya lo habr\u00e1s visto en tu c\u00e1mara. Este gr\u00e1fico indica si hay poca luz (el palito se corre a la izquierda), o si hay mucha luz (el palito se corre a la derecha). Siendo el centro, es decir la posici\u00f3n cero, la posici\u00f3n ideal, la posici\u00f3n que indica una exposici\u00f3n correcta.<\/p>\n<p class=\"ttfm4\">[toggle title=\u00bbNOTA\u00bb]<\/p>\n<p class=\"ttfm4\">La medici\u00f3n que hace el expos\u00edmetro no es siempre correcta! Existen muchos tipos de expos\u00edmetros (internos, externos, con diferentes tecnolog\u00edas, etc.) y diferentes maneras de medir la luz (medici\u00f3n puntual, ponderada al centro, etc.).<\/p>\n<p class=\"ttfm4\">Lo que debes saber es que los c\u00e1lculos y mediciones que realiza el expos\u00edmetro es muy susceptible de fallos y no se puede obviar el hecho de que las maquinas no son tan buenas como el ojo humano al interpretar la luz en una escena.<\/p>\n<p class=\"ttfm4\">[\/toggle]<\/p>\n<p class=\"ttfm4\">Lo que debes hacer para lograr una exposici\u00f3n correcta es que el palito del expos\u00edmetro se sit\u00fae en el centro del gr\u00e1fico. \u00abEn la vida real\u00bb recuerda que el palito puede situarse hacia la izquierda o derecha del centro, no necesariamente la exposici\u00f3n correcta estar\u00e1 en el centro (como lo sugiere el expos\u00edmetro). Sin embargo, siempre estar\u00e1 muy pr\u00f3ximo\u00a0al centro.<\/p>\n<p class=\"ttfm4\">M\u00e1s abajo te propongo algunos ejercicios para que te animes a practicar y lograr ciertos objetivos. T\u00f3malo como un desaf\u00edo.<\/p>\n<p class=\"ttfm2\"><strong>Recuerda que la \u00fanica manera de aprender a fotografiar es haci\u00e9ndolo!<\/strong><\/p>\n<p class=\"ttfm2\">[tabs tab1=\u00bbEjercicio 1&#8243; tab2=\u00bbEjercicio 2&#8243; tab3=\u00bbEjercicio 3&#8243; tab4=\u00bbEjercicio 4&#8243; tab5=\u00bbEjercicio 5&#8243; tab6=\u00bbEjercicio 6&#8243;] [tab]<\/p>\n<p class=\"ttfm4\"><span style=\"color: #800080;\">Aprende a guiarte con el gr\u00e1fico del expos\u00edmetro.<\/span><\/p>\n<p class=\"ttfm4\"><span style=\"color: #800080;\">Ajusta la velocidad del obturador y la apertura para lograr una correcta exposici\u00f3n (de modo que el expos\u00edmetro indique el centro del gr\u00e1fico). Luego toma la foto.<\/span><\/p>\n<p class=\"ttfm2\">[\/tab] [tab]<\/p>\n<p class=\"ttfm4\"><span style=\"color: #008000;\">Al\u00e9jate para tomar una foto de cuerpo entero de la ni\u00f1a e intenta que tanto ella como el fondo se vean n\u00edtidos.<\/span><\/p>\n<p class=\"ttfm4\"><span style=\"color: #008000;\">Consejo: F\u00edjate qu\u00e9 sucede al modificar s\u00f3lo la distancia focal. \u00bfQu\u00e9 pasa con la profundidad de campo?<\/span><\/p>\n<p class=\"ttfm2\">[\/tab] [tab]<\/p>\n<p class=\"ttfm2\"><span style=\"color: #333399;\">Congela el movimiento del molinete de la ni\u00f1a sin importar el resto. Sugerencia: Conc\u00e9ntrate en la velocidad del obturador.<\/span><\/p>\n<p class=\"ttfm2\">[\/tab] [tab]<\/p>\n<p class=\"ttfm2\"><span style=\"color: #000000;\">\u00bfPuedes notar la disminuci\u00f3n en la calidad de la foto cuando utilizas un ISO de 1600 o m\u00e1s?<\/span>[\/tab] [tab]<\/p>\n<p class=\"ttfm2\"><span style=\"color: #993366;\">Ac\u00e9rcate lo m\u00e1s posible para realizar un retrato de primer plano. El objetivo es lograr una gran profundidad de campo. Sugerencia: Utiliza valores bajos de apertura (Ej: f\/2.8).<\/span><\/p>\n<p class=\"ttfm2\">[\/tab] [tab]<\/p>\n<p class=\"ttfm2\">F\u00edjate que sucede cuando disparas con una velocidad de obturaci\u00f3n de 1\/25 o m\u00e1s lento. \u00bfObtienes mayor o menor nitidez?[\/tab] [\/tabs]<\/p>\n<p class=\"ttfm4\">El uso del expos\u00edmetro te servir\u00e1 como punto de partida para llegar a la mejor exposici\u00f3n cuando\u00a0te prepares a tomar una foto.<\/p>\n<p class=\"ttfm2\"><strong>Pero OJO! Eso no significa que debes tenerlo siempre en el medio. De ninguna manera!<\/strong> Como te dije antes, a veces, seg\u00fan el escenario podr\u00eda estar m\u00e1s hacia la izquierda o m\u00e1s hacia la derecha del centro.<\/p>\n<p class=\"ttfm4\">Y eso responde a que las mediciones del expos\u00edmetro no son exactas y suelen fallar. Por eso debes confiar en tu propio ojo al ver los resultados!<\/p>\n<p class=\"ttfm4\" data-default=\"Enter your text here...\"><em><strong>Juan Ignacio Torres<\/strong><\/em><\/p>\n","protected":false},"excerpt":{"rendered":"<p>Existe un simple truco (o t\u00e9cnica) para lograr un buen ajuste de la exposici\u00f3n, que casi siempre se acerca mucho a lo ideal (aunque no sea infalible):\u00a0El expos\u00edmetro. Quiero compartirte esta t\u00e9cnica para que aprendas a utilizar el expos\u00edmetro, que se ve algo as\u00ed en el visor de tu c\u00e1mara: El objetivo de todo fot\u00f3grafo [&hellip;]<\/p>\n","protected":false},"author":1,"featured_media":190,"parent":0,"menu_order":0,"comment_status":"closed","ping_status":"closed","template":"","meta":{"_genesis_hide_title":false,"_genesis_hide_breadcrumbs":false,"_genesis_hide_singular_image":false,"_genesis_hide_footer_widgets":false,"_genesis_custom_body_class":"","_genesis_custom_post_class":"","_genesis_layout":"","_glsr_average":0,"_glsr_ranking":0,"_glsr_reviews":0,"footnotes":"","tve_updated_post":"","tve_custom_css":"","tve_user_custom_css":"","tve_globals":{},"tcb2_ready":1,"tcb_editor_enabled":0,"tve_landing_page":"","_tve_header":"","_tve_footer":""},"class_list":{"0":"post-897","1":"page","2":"type-page","3":"status-publish","4":"has-post-thumbnail","6":"entry"},"yoast_head":"<!-- This site is optimized with the Yoast SEO plugin v27.5 - https:\/\/yoast.com\/product\/yoast-seo-wordpress\/ -->\n<title>Aprende a ajustar la exposici\u00f3n con un simple truco - Iniciaci\u00f3n a la Fotograf\u00eda<\/title>\n<meta name=\"robots\" content=\"index, follow, max-snippet:-1, max-image-preview:large, max-video-preview:-1\" \/>\n<link rel=\"canonical\" href=\"https:\/\/manualdetecnicafotografica.com\/blog\/aprende-ajustar-la-exposicion-simple-truco\/\" \/>\n<meta property=\"og:locale\" content=\"es_ES\" \/>\n<meta property=\"og:type\" content=\"article\" \/>\n<meta property=\"og:title\" content=\"Aprende a ajustar la exposici\u00f3n con un simple truco - Iniciaci\u00f3n a la Fotograf\u00eda\" \/>\n<meta property=\"og:description\" content=\"Existe un simple truco (o t\u00e9cnica) para lograr un buen ajuste de la exposici\u00f3n, que casi siempre se acerca mucho a lo ideal (aunque no sea infalible):\u00a0El expos\u00edmetro. Quiero compartirte esta t\u00e9cnica para que aprendas a utilizar el expos\u00edmetro, que se ve algo as\u00ed en el visor de tu c\u00e1mara: El objetivo de todo fot\u00f3grafo [&hellip;]\" \/>\n<meta property=\"og:url\" content=\"https:\/\/manualdetecnicafotografica.com\/blog\/aprende-ajustar-la-exposicion-simple-truco\/\" \/>\n<meta property=\"og:site_name\" content=\"Iniciaci\u00f3n a la Fotograf\u00eda\" \/>\n<meta property=\"article:modified_time\" content=\"2018-01-10T18:14:30+00:00\" \/>\n<meta property=\"og:image\" content=\"https:\/\/manualdetecnicafotografica.com\/blog\/wp-content\/uploads\/2016\/04\/slider2-e1515608055999.jpg\" \/>\n\t<meta property=\"og:image:width\" content=\"1280\" \/>\n\t<meta property=\"og:image:height\" content=\"350\" \/>\n\t<meta property=\"og:image:type\" content=\"image\/jpeg\" \/>\n<meta name=\"twitter:card\" content=\"summary_large_image\" \/>\n<meta name=\"twitter:label1\" content=\"Tiempo de lectura\" \/>\n\t<meta name=\"twitter:data1\" content=\"4 minutos\" \/>\n<script type=\"application\/ld+json\" class=\"yoast-schema-graph\">{\"@context\":\"https:\\\/\\\/schema.org\",\"@graph\":[{\"@type\":\"WebPage\",\"@id\":\"https:\\\/\\\/manualdetecnicafotografica.com\\\/blog\\\/aprende-ajustar-la-exposicion-simple-truco\\\/\",\"url\":\"https:\\\/\\\/manualdetecnicafotografica.com\\\/blog\\\/aprende-ajustar-la-exposicion-simple-truco\\\/\",\"name\":\"Aprende a ajustar la exposici\u00f3n con un simple truco - Iniciaci\u00f3n a la Fotograf\u00eda\",\"isPartOf\":{\"@id\":\"https:\\\/\\\/manualdetecnicafotografica.com\\\/blog\\\/#website\"},\"primaryImageOfPage\":{\"@id\":\"https:\\\/\\\/manualdetecnicafotografica.com\\\/blog\\\/aprende-ajustar-la-exposicion-simple-truco\\\/#primaryimage\"},\"image\":{\"@id\":\"https:\\\/\\\/manualdetecnicafotografica.com\\\/blog\\\/aprende-ajustar-la-exposicion-simple-truco\\\/#primaryimage\"},\"thumbnailUrl\":\"https:\\\/\\\/manualdetecnicafotografica.com\\\/blog\\\/wp-content\\\/uploads\\\/2016\\\/04\\\/slider2-e1515608055999.jpg\",\"datePublished\":\"2017-09-01T15:14:25+00:00\",\"dateModified\":\"2018-01-10T18:14:30+00:00\",\"breadcrumb\":{\"@id\":\"https:\\\/\\\/manualdetecnicafotografica.com\\\/blog\\\/aprende-ajustar-la-exposicion-simple-truco\\\/#breadcrumb\"},\"inLanguage\":\"es\",\"potentialAction\":[{\"@type\":\"ReadAction\",\"target\":[\"https:\\\/\\\/manualdetecnicafotografica.com\\\/blog\\\/aprende-ajustar-la-exposicion-simple-truco\\\/\"]}]},{\"@type\":\"ImageObject\",\"inLanguage\":\"es\",\"@id\":\"https:\\\/\\\/manualdetecnicafotografica.com\\\/blog\\\/aprende-ajustar-la-exposicion-simple-truco\\\/#primaryimage\",\"url\":\"https:\\\/\\\/manualdetecnicafotografica.com\\\/blog\\\/wp-content\\\/uploads\\\/2016\\\/04\\\/slider2-e1515608055999.jpg\",\"contentUrl\":\"https:\\\/\\\/manualdetecnicafotografica.com\\\/blog\\\/wp-content\\\/uploads\\\/2016\\\/04\\\/slider2-e1515608055999.jpg\",\"width\":1280,\"height\":350},{\"@type\":\"BreadcrumbList\",\"@id\":\"https:\\\/\\\/manualdetecnicafotografica.com\\\/blog\\\/aprende-ajustar-la-exposicion-simple-truco\\\/#breadcrumb\",\"itemListElement\":[{\"@type\":\"ListItem\",\"position\":1,\"name\":\"Portada\",\"item\":\"https:\\\/\\\/manualdetecnicafotografica.com\\\/blog\\\/\"},{\"@type\":\"ListItem\",\"position\":2,\"name\":\"Aprende a ajustar la exposici\u00f3n con un simple truco\"}]},{\"@type\":\"WebSite\",\"@id\":\"https:\\\/\\\/manualdetecnicafotografica.com\\\/blog\\\/#website\",\"url\":\"https:\\\/\\\/manualdetecnicafotografica.com\\\/blog\\\/\",\"name\":\"Iniciaci\u00f3n a la Fotograf\u00eda\",\"description\":\"Blog de Juan Ignacio Torres\",\"potentialAction\":[{\"@type\":\"SearchAction\",\"target\":{\"@type\":\"EntryPoint\",\"urlTemplate\":\"https:\\\/\\\/manualdetecnicafotografica.com\\\/blog\\\/?s={search_term_string}\"},\"query-input\":{\"@type\":\"PropertyValueSpecification\",\"valueRequired\":true,\"valueName\":\"search_term_string\"}}],\"inLanguage\":\"es\"}]}<\/script>\n<!-- \/ Yoast SEO plugin. -->","yoast_head_json":{"title":"Aprende a ajustar la exposici\u00f3n con un simple truco - Iniciaci\u00f3n a la Fotograf\u00eda","robots":{"index":"index","follow":"follow","max-snippet":"max-snippet:-1","max-image-preview":"max-image-preview:large","max-video-preview":"max-video-preview:-1"},"canonical":"https:\/\/manualdetecnicafotografica.com\/blog\/aprende-ajustar-la-exposicion-simple-truco\/","og_locale":"es_ES","og_type":"article","og_title":"Aprende a ajustar la exposici\u00f3n con un simple truco - Iniciaci\u00f3n a la Fotograf\u00eda","og_description":"Existe un simple truco (o t\u00e9cnica) para lograr un buen ajuste de la exposici\u00f3n, que casi siempre se acerca mucho a lo ideal (aunque no sea infalible):\u00a0El expos\u00edmetro. Quiero compartirte esta t\u00e9cnica para que aprendas a utilizar el expos\u00edmetro, que se ve algo as\u00ed en el visor de tu c\u00e1mara: El objetivo de todo fot\u00f3grafo [&hellip;]","og_url":"https:\/\/manualdetecnicafotografica.com\/blog\/aprende-ajustar-la-exposicion-simple-truco\/","og_site_name":"Iniciaci\u00f3n a la Fotograf\u00eda","article_modified_time":"2018-01-10T18:14:30+00:00","og_image":[{"width":1280,"height":350,"url":"https:\/\/manualdetecnicafotografica.com\/blog\/wp-content\/uploads\/2016\/04\/slider2-e1515608055999.jpg","type":"image\/jpeg"}],"twitter_card":"summary_large_image","twitter_misc":{"Tiempo de lectura":"4 minutos"},"schema":{"@context":"https:\/\/schema.org","@graph":[{"@type":"WebPage","@id":"https:\/\/manualdetecnicafotografica.com\/blog\/aprende-ajustar-la-exposicion-simple-truco\/","url":"https:\/\/manualdetecnicafotografica.com\/blog\/aprende-ajustar-la-exposicion-simple-truco\/","name":"Aprende a ajustar la exposici\u00f3n con un simple truco - Iniciaci\u00f3n a la Fotograf\u00eda","isPartOf":{"@id":"https:\/\/manualdetecnicafotografica.com\/blog\/#website"},"primaryImageOfPage":{"@id":"https:\/\/manualdetecnicafotografica.com\/blog\/aprende-ajustar-la-exposicion-simple-truco\/#primaryimage"},"image":{"@id":"https:\/\/manualdetecnicafotografica.com\/blog\/aprende-ajustar-la-exposicion-simple-truco\/#primaryimage"},"thumbnailUrl":"https:\/\/manualdetecnicafotografica.com\/blog\/wp-content\/uploads\/2016\/04\/slider2-e1515608055999.jpg","datePublished":"2017-09-01T15:14:25+00:00","dateModified":"2018-01-10T18:14:30+00:00","breadcrumb":{"@id":"https:\/\/manualdetecnicafotografica.com\/blog\/aprende-ajustar-la-exposicion-simple-truco\/#breadcrumb"},"inLanguage":"es","potentialAction":[{"@type":"ReadAction","target":["https:\/\/manualdetecnicafotografica.com\/blog\/aprende-ajustar-la-exposicion-simple-truco\/"]}]},{"@type":"ImageObject","inLanguage":"es","@id":"https:\/\/manualdetecnicafotografica.com\/blog\/aprende-ajustar-la-exposicion-simple-truco\/#primaryimage","url":"https:\/\/manualdetecnicafotografica.com\/blog\/wp-content\/uploads\/2016\/04\/slider2-e1515608055999.jpg","contentUrl":"https:\/\/manualdetecnicafotografica.com\/blog\/wp-content\/uploads\/2016\/04\/slider2-e1515608055999.jpg","width":1280,"height":350},{"@type":"BreadcrumbList","@id":"https:\/\/manualdetecnicafotografica.com\/blog\/aprende-ajustar-la-exposicion-simple-truco\/#breadcrumb","itemListElement":[{"@type":"ListItem","position":1,"name":"Portada","item":"https:\/\/manualdetecnicafotografica.com\/blog\/"},{"@type":"ListItem","position":2,"name":"Aprende a ajustar la exposici\u00f3n con un simple truco"}]},{"@type":"WebSite","@id":"https:\/\/manualdetecnicafotografica.com\/blog\/#website","url":"https:\/\/manualdetecnicafotografica.com\/blog\/","name":"Iniciaci\u00f3n a la Fotograf\u00eda","description":"Blog de Juan Ignacio Torres","potentialAction":[{"@type":"SearchAction","target":{"@type":"EntryPoint","urlTemplate":"https:\/\/manualdetecnicafotografica.com\/blog\/?s={search_term_string}"},"query-input":{"@type":"PropertyValueSpecification","valueRequired":true,"valueName":"search_term_string"}}],"inLanguage":"es"}]}},"_links":{"self":[{"href":"https:\/\/manualdetecnicafotografica.com\/blog\/wp-json\/wp\/v2\/pages\/897","targetHints":{"allow":["GET"]}}],"collection":[{"href":"https:\/\/manualdetecnicafotografica.com\/blog\/wp-json\/wp\/v2\/pages"}],"about":[{"href":"https:\/\/manualdetecnicafotografica.com\/blog\/wp-json\/wp\/v2\/types\/page"}],"author":[{"embeddable":true,"href":"https:\/\/manualdetecnicafotografica.com\/blog\/wp-json\/wp\/v2\/users\/1"}],"replies":[{"embeddable":true,"href":"https:\/\/manualdetecnicafotografica.com\/blog\/wp-json\/wp\/v2\/comments?post=897"}],"version-history":[{"count":4,"href":"https:\/\/manualdetecnicafotografica.com\/blog\/wp-json\/wp\/v2\/pages\/897\/revisions"}],"predecessor-version":[{"id":903,"href":"https:\/\/manualdetecnicafotografica.com\/blog\/wp-json\/wp\/v2\/pages\/897\/revisions\/903"}],"wp:featuredmedia":[{"embeddable":true,"href":"https:\/\/manualdetecnicafotografica.com\/blog\/wp-json\/wp\/v2\/media\/190"}],"wp:attachment":[{"href":"https:\/\/manualdetecnicafotografica.com\/blog\/wp-json\/wp\/v2\/media?parent=897"}],"curies":[{"name":"wp","href":"https:\/\/api.w.org\/{rel}","templated":true}]}}