{"id":603,"date":"2017-01-27T18:29:01","date_gmt":"2017-01-27T18:29:01","guid":{"rendered":"http:\/\/manualdetecnicafotografica.com\/blog\/?page_id=603"},"modified":"2026-03-18T15:27:09","modified_gmt":"2026-03-18T18:27:09","slug":"libros","status":"publish","type":"page","link":"https:\/\/manualdetecnicafotografica.com\/blog\/libros\/","title":{"rendered":"Libros"},"content":{"rendered":"<h3 data-unit=\"px\" style=\"line-height: 22px;\"><span style=\"font-size: 22px;\">MANUAL DE T\u00c9CNICA FOTOGR\u00c1FICA<\/span><\/h3>\n<p><span><\/span><span><img loading=\"lazy\" decoding=\"async\" src=\"\/\/i0.wp.com\/manualdetecnicafotografica.com\/blog\/wp-content\/uploads\/2016\/05\/libro-manual-de-tecnica-fotografica.png\" alt=\"\" width=\"190\" height=\"290\"><\/span><\/p>\n<p data-unit=\"px\" style=\"line-height: 25px; font-size: 22px; margin-top: 20px !important;\">Este manual lo he escrito especialmente para los principiantes en fotograf\u00eda.<\/p>\n<p data-unit=\"px\" style=\"line-height: 25px; font-size: 22px;\"><span style=\"font-size: 22px;\">Con un lenguaje sencillo y f\u00e1cil de comprender, este manual te proporcionar\u00e1 todos los conceptos&nbsp;fundamentales de la fotograf\u00eda.<\/span><\/p>\n<p data-unit=\"px\" style=\"line-height: 26px; font-size: 22px; color: rgb(44, 143, 244);\"><a href=\"https:\/\/cursos.manualdetecnicafotografica.com\/libro-manual-de-tecnica-fotografica\" target=\"_blank\" style=\"outline: none;\"><span><span style=\"font-size: 26px;\"><span>M\u00e1s informaci\u00f3n aqu\u00ed<\/span><\/span><\/span><\/a><\/p>\n<h3 data-unit=\"px\" style=\"line-height: 22px;\"><span style=\"font-size: 22px;\">PR\u00c1CTICA FOTOGR\u00c1FICA<\/span><\/h3>\n<p><span><\/span><span><img loading=\"lazy\" decoding=\"async\" src=\"\/\/i0.wp.com\/manualdetecnicafotografica.com\/blog\/wp-content\/uploads\/2016\/10\/Practica-fotografica-portada2.png\" alt=\"\" width=\"198\" height=\"303\"><\/span><\/p>\n<p data-unit=\"px\" style=\"line-height: 25px; font-size: 22px; margin-top: 20px !important;\">Un libro enfocado en el aprendizaje con la&nbsp;c\u00e1mara en mano.<\/p>\n<p style=\"line-height: 25px; font-size: 22px;\">Ideal para incorporar&nbsp;la t\u00e9cnica fotogr\u00e1fica mediante ejercicios (instrucciones claras y precisas para cualquier nivel)&nbsp;y finalmente aplicar cada concepto en cada foto que tomes.<\/p>\n<p data-unit=\"px\" style=\"line-height: 26px; font-size: 22px; color: rgb(44, 143, 244);\"><a href=\"https:\/\/manualdetecnicafotografica.com\/blog\/libro\/\" target=\"_blank\"><span><span style=\"font-size: 26px;\"><span><\/span><\/span><\/span><\/a><a href=\"https:\/\/manualdetecnicafotografica.com\/oficial-libro-practica-fotografica\/\" target=\"_blank\" style=\"color: rgb(44, 143, 244);\"><\/a><span style=\"font-size: 26px;\"><span><a href=\"https:\/\/manualdetecnicafotografica.com\/oficial-libro-practica-fotografica\/\" style=\"color: rgb(44, 143, 244);\" target=\"_blank\"><span><\/span><\/a><\/span><a href=\"https:\/\/cursos.manualdetecnicafotografica.com\/oficial-libro-practica-fotografica\" style=\"color: rgb(44, 143, 244); outline: none;\" target=\"_blank\"><span><span>M\u00e1s informaci\u00f3n aqu\u00ed<\/span><\/span><\/a><span><a href=\"https:\/\/manualdetecnicafotografica.com\/oficial-libro-practica-fotografica\/\" style=\"color: rgb(44, 143, 244);\" target=\"_blank\"><span><\/span><\/a><\/span><\/span><span><span style=\"font-size: 26px;\"><span><a href=\"https:\/\/manualdetecnicafotografica.com\/oficial-libro-practica-fotografica\/\" target=\"_blank\" style=\"color: rgb(44, 143, 244);\"><\/a><\/span><\/span><\/span><\/p>\n<h3 data-unit=\"px\" style=\"line-height: 22px;\"><span style=\"font-size: 22px;\">FOTOGRAF\u00cdA DE PAISAJE<\/span><\/h3>\n<p><span><\/span><span><img decoding=\"async\" alt=\"\" data-id=\"1816\" width=\"196\" data-init-width=\"188\" height=\"300\" data-init-height=\"288\" title=\"Fotografia-de-Paisaje-Juan-Ignacio-Torres_188_1\" loading=\"lazy\" src=\"https:\/\/manualdetecnicafotografica.com\/blog\/wp-content\/uploads\/2020\/11\/Fotografia-de-Paisaje-Juan-Ignacio-Torres_188_1.png\" data-width=\"196\" data-height=\"300\" style=\"aspect-ratio: auto 188 \/ 288;\"><\/span><\/p>\n<p style=\"line-height: 25px; font-size: 22px; margin-top: 20px !important;\">Entrena el ojo y enriquece la t\u00e9cnica para dominar la composici\u00f3n y capturar paisajes que cautivan, sea donde sea que te encuentres.<\/p>\n<p>El objetivo de este libro es que logres paisajes profesionales, al tiempo que disfrutas el camino haciendo lo que m\u00e1s te gusta. F\u00e1cil de comprender, pr\u00e1ctico y con infinidad de ejemplos.<\/p>\n<p data-unit=\"px\" style=\"line-height: 26px; font-size: 22px; color: rgb(44, 143, 244);\"><span style=\"font-size: 26px;\"><span><span><a data-tcb-events=\"\" href=\"https:\/\/cursos.manualdetecnicafotografica.com\/libro-fotografia-de-paisaje-juan-ignacio-torres\" target=\"_blank\" style=\"outline: none;\">M\u00e1s informaci\u00f3n aqu\u00ed<\/a><\/span><\/span><\/span><\/p>\n","protected":false},"excerpt":{"rendered":"<p>MANUAL DE T\u00c9CNICA FOTOGR\u00c1FICA Este manual lo he escrito especialmente para los principiantes en fotograf\u00eda. Con un lenguaje sencillo y f\u00e1cil de comprender, este manual te proporcionar\u00e1 todos los conceptos&nbsp;fundamentales de la fotograf\u00eda. M\u00e1s informaci\u00f3n aqu\u00ed PR\u00c1CTICA FOTOGR\u00c1FICA Un libro enfocado en el aprendizaje con la&nbsp;c\u00e1mara en mano. Ideal para incorporar&nbsp;la t\u00e9cnica fotogr\u00e1fica mediante ejercicios [&hellip;]<\/p>\n","protected":false},"author":1,"featured_media":0,"parent":0,"menu_order":0,"comment_status":"closed","ping_status":"closed","template":"","meta":{"_genesis_hide_title":false,"_genesis_hide_breadcrumbs":false,"_genesis_hide_singular_image":false,"_genesis_hide_footer_widgets":false,"_genesis_custom_body_class":"","_genesis_custom_post_class":"","_genesis_layout":"","_glsr_average":0,"_glsr_ranking":0,"_glsr_reviews":0,"footnotes":"","tve_updated_post":"<div class=\"thrv_wrapper thrv_contentbox_shortcode\" data-tve-style=\"1\">\n<div class=\"tve_cb tve_cb1 tve_blue\">\n<div class=\"tve_hd tve_cb_cnt tve_empty_dropzone\">\n<div class=\"thrv_wrapper thrv_text_element\" data-tag=\"h3\"><h3 class=\"\" data-unit=\"px\" style=\"line-height: 22px;\"><span class=\"tve_custom_font_size\" style=\"font-size: 22px;\">MANUAL DE T\u00c9CNICA FOTOGR\u00c1FICA<\/span><\/h3><\/div>\n<span><\/span>\n<\/div>\n<div class=\"tve_cb_cnt tve_empty_dropzone\">\n<div class=\"thrv_wrapper thrv-columns\" style=\"--tcb-col-el-width: 532;\"><div class=\"tcb-flex-row tcb-resized tcb--cols--2\" style=\"margin-bottom: 0px !important;\">\n<div class=\"tcb-flex-col tve_empty_dropzone\" data-css=\"tve-u-159e144c410\"><div class=\"tcb-col\"><div class=\"thrv_wrapper thrv_custom_html_shortcode\"><div class=\"tve_image_caption thrv_wrapper alignleft\" style=\"margin-top: 0px !important; margin-bottom: 0px !important;\"><span class=\"tve_image_frame\"><img class=\"wp-image-389\" src=\"\/\/i0.wp.com\/manualdetecnicafotografica.com\/blog\/wp-content\/uploads\/2016\/05\/libro-manual-de-tecnica-fotografica.png\" alt=\"\" width=\"190\" height=\"290\"><\/span><\/div><\/div><\/div><\/div>\n<div class=\"tcb-flex-col tve_empty_dropzone\" data-css=\"tve-u-159e144c436\"><div class=\"tcb-col\"><div class=\"thrv_wrapper thrv_text_element\"><p data-unit=\"px\" style=\"line-height: 25px; font-size: 22px; margin-top: 20px !important;\">Este manual lo he escrito especialmente para los principiantes en fotograf\u00eda.<\/p><p data-unit=\"px\" style=\"line-height: 25px; font-size: 22px;\"><span class=\"tve_custom_font_size\" style=\"font-size: 22px;\">Con un lenguaje sencillo y f\u00e1cil de comprender, este manual te proporcionar\u00e1 todos los conceptos&nbsp;fundamentales de la fotograf\u00eda.<\/span><\/p><p data-unit=\"px\" style=\"line-height: 26px; font-size: 22px; color: rgb(44, 143, 244);\"><a href=\"https:\/\/cursos.manualdetecnicafotografica.com\/libro-manual-de-tecnica-fotografica\" target=\"_blank\" class=\"\" style=\"outline: none;\"><span class=\"bold_text\"><span class=\"tve_custom_font_size\" style=\"font-size: 26px;\"><font color=\"#2c8ff4\"><span class=\"underline_text\">M\u00e1s informaci\u00f3n aqu\u00ed<\/span><\/font><\/span><\/span><\/a><\/p><\/div><\/div><\/div>\n<\/div><\/div>\n<\/div>\n<\/div>\n<\/div><div class=\"thrv_wrapper thrv_contentbox_shortcode\" data-tve-style=\"1\">\n<div class=\"tve_cb tve_cb1 tve_red\">\n<div class=\"tve_hd tve_cb_cnt tve_empty_dropzone\">\n<div class=\"thrv_wrapper thrv_text_element\" data-tag=\"h3\"><h3 class=\"\" data-unit=\"px\" style=\"line-height: 22px;\"><span class=\"tve_custom_font_size\" style=\"font-size: 22px;\">PR\u00c1CTICA FOTOGR\u00c1FICA<\/span><\/h3><\/div>\n<span><\/span>\n<\/div>\n<div class=\"tve_cb_cnt tve_empty_dropzone\">\n<div class=\"thrv_wrapper thrv-columns\" style=\"--tcb-col-el-width: 532;\"><div class=\"tcb-flex-row tcb-resized tcb--cols--2\" style=\"margin-bottom: 0px !important;\">\n<div class=\"tcb-flex-col tve_empty_dropzone\" data-css=\"tve-u-159e144c410\"><div class=\"tcb-col\"><div class=\"thrv_wrapper thrv_custom_html_shortcode\"><div class=\"tve_image_caption thrv_wrapper alignleft\" style=\"margin-top: 0px !important; margin-bottom: 0px !important;\"><span class=\"tve_image_frame\"><img class=\"wp-image-526\" src=\"\/\/i0.wp.com\/manualdetecnicafotografica.com\/blog\/wp-content\/uploads\/2016\/10\/Practica-fotografica-portada2.png\" alt=\"\" width=\"198\" height=\"303\"><\/span><\/div><\/div><\/div><\/div>\n<div class=\"tcb-flex-col tve_empty_dropzone\" data-css=\"tve-u-159e144c436\"><div class=\"tcb-col\"><div class=\"thrv_wrapper thrv_text_element\"><p data-unit=\"px\" style=\"line-height: 25px; font-size: 22px; margin-top: 20px !important;\">Un libro enfocado en el aprendizaje con la&nbsp;c\u00e1mara en mano.<\/p><p style=\"line-height: 25px; font-size: 22px;\">Ideal para incorporar&nbsp;la t\u00e9cnica fotogr\u00e1fica mediante ejercicios (instrucciones claras y precisas para cualquier nivel)&nbsp;y finalmente aplicar cada concepto en cada foto que tomes.<\/p><p data-unit=\"px\" style=\"line-height: 26px; font-size: 22px; color: rgb(44, 143, 244);\"><a class=\"\" href=\"https:\/\/manualdetecnicafotografica.com\/blog\/libro\/\" target=\"_blank\"><span class=\"bold_text\"><span class=\"tve_custom_font_size\" style=\"font-size: 26px;\"><font color=\"#2c8ff4\"><span class=\"underline_text\"><\/span><\/font><\/span><\/span><\/a><font color=\"#2c8ff4\"><a href=\"https:\/\/manualdetecnicafotografica.com\/oficial-libro-practica-fotografica\/\" target=\"_blank\" class=\"\" style=\"color: rgb(44, 143, 244);\"><\/a><\/font><span class=\"tve_custom_font_size\" style=\"font-size: 26px;\"><font color=\"#2c8ff4\"><span class=\"underline_text\"><a class=\"\" href=\"https:\/\/manualdetecnicafotografica.com\/oficial-libro-practica-fotografica\/\" style=\"color: rgb(44, 143, 244);\" target=\"_blank\"><span class=\"strikethrough_text\"><\/span><\/a><\/span><a class=\"\" href=\"https:\/\/cursos.manualdetecnicafotografica.com\/oficial-libro-practica-fotografica\" style=\"color: rgb(44, 143, 244); outline: none;\" target=\"_blank\"><span class=\"bold_text\"><span class=\"underline_text\">M\u00e1s informaci\u00f3n aqu\u00ed<\/span><\/span><\/a><span class=\"underline_text\"><a class=\"\" href=\"https:\/\/manualdetecnicafotografica.com\/oficial-libro-practica-fotografica\/\" style=\"color: rgb(44, 143, 244);\" target=\"_blank\"><span class=\"strikethrough_text\"><\/span><\/a><\/span><\/font><\/span><span class=\"bold_text\"><span class=\"tve_custom_font_size\" style=\"font-size: 26px;\"><font color=\"#2c8ff4\"><span class=\"underline_text\"><a href=\"https:\/\/manualdetecnicafotografica.com\/oficial-libro-practica-fotografica\/\" target=\"_blank\" class=\"\" style=\"color: rgb(44, 143, 244);\"><\/a><\/span><\/font><\/span><\/span><\/p><\/div><\/div><\/div>\n<\/div><\/div>\n<\/div>\n<\/div>\n<\/div><div class=\"thrv_wrapper thrv_contentbox_shortcode thrv-content-box\" data-tve-style=\"1\" data-css=\"tve-u-175e5d82a7d\"><div class=\"tve-content-box-background\" data-css=\"tve-u-175e5d82a7b\" style=\"\"><\/div>\n<div class=\"tve_teal tve-cb\" style=\"background-color: transparent; border: 0px none transparent; border-radius: 0px;\">\n<div class=\"tve_hd tve_cb_cnt tve_empty_dropzone thrv-content-box thrv_wrapper\" style=\"background-color: transparent; border: 0px none transparent; border-radius: 0px; margin: 0px; width: auto;\" data-css=\"tve-u-175e5d82a89\"><div class=\"tve-content-box-background\" data-css=\"tve-u-175e5d82a87\" style=\"\"><\/div><div class=\"tve-cb\" style=\"background-color: transparent; background-image: none;\">\n<div class=\"thrv_wrapper thrv_text_element\" data-tag=\"h3\"><h3 class=\"\" data-unit=\"px\" style=\"line-height: 22px;\" data-css=\"tve-u-175e5d91ae3\"><span style=\"font-size: 22px;\" data-css=\"tve-u-175e5d91ae6\">FOTOGRAF\u00cdA DE PAISAJE<\/span><\/h3><\/div>\n<span><\/span>\n<\/div><\/div>\n<div class=\"tve_cb_cnt tve_empty_dropzone\">\n<div class=\"thrv_wrapper thrv-columns\" style=\"--tcb-col-el-width: 537.2;\"><div class=\"tcb-flex-row v-2 tcb--cols--2\"><div class=\"tcb-flex-col c-33\"><div class=\"tcb-col\"><div class=\"thrv_wrapper tve_image_caption\" data-css=\"tve-u-175e5d2c715\" style=\"\"><span class=\"tve_image_frame\"><img class=\"tve_image wp-image-1816\" alt=\"\" data-id=\"1816\" width=\"196\" data-init-width=\"188\" height=\"300\" data-init-height=\"288\" title=\"Fotografia-de-Paisaje-Juan-Ignacio-Torres_188_1\" loading=\"lazy\" src=\"https:\/\/manualdetecnicafotografica.com\/blog\/wp-content\/uploads\/2020\/11\/Fotografia-de-Paisaje-Juan-Ignacio-Torres_188_1.png\" data-width=\"196\" data-height=\"300\" data-css=\"tve-u-175e5d2f6d1\" style=\"aspect-ratio: auto 188 \/ 288;\"><\/span><\/div><\/div><\/div><div class=\"tcb-flex-col c-66\"><div class=\"tcb-col\"><div class=\"thrv_wrapper thrv_text_element\"><p style=\"line-height: 25px; font-size: 22px; margin-top: 20px !important;\">Entrena el ojo y enriquece la t\u00e9cnica para dominar la composici\u00f3n y capturar paisajes que cautivan, sea donde sea que te encuentres.<br><br>El objetivo de este libro es que logres paisajes profesionales, al tiempo que disfrutas el camino haciendo lo que m\u00e1s te gusta. F\u00e1cil de comprender, pr\u00e1ctico y con infinidad de ejemplos.<\/p><p data-unit=\"px\" style=\"line-height: 26px; font-size: 22px; color: rgb(44, 143, 244);\"><span class=\"tve_custom_font_size\" style=\"font-size: 26px;\"><font color=\"#2c8ff4\"><span class=\"bold_text\"><span class=\"underline_text\"><a data-tcb-events=\"\" href=\"https:\/\/cursos.manualdetecnicafotografica.com\/libro-fotografia-de-paisaje-juan-ignacio-torres\" target=\"_blank\" class=\"\" style=\"outline: none;\" data-css=\"tve-u-175e5db4ad4\">M\u00e1s informaci\u00f3n aqu\u00ed<\/a><\/span><\/span><\/font><\/span><\/p><\/div><\/div><\/div><\/div><\/div>\n<\/div>\n<\/div>\n<\/div>","tve_custom_css":"@media (min-width: 300px){[data-css=\"tve-u-159e144c436\"] { max-width: 61.3%; }[data-css=\"tve-u-159e144c410\"] { max-width: 38.7%; }[data-css=\"tve-u-175e5d2c715\"] { width: 196px; }[data-css=\"tve-u-175e5d82a7b\"] { background-color: rgba(0, 0, 0, 0); border-radius: 0px; border: 2px solid rgb(253, 222, 55) !important; --tve-applied-border: 2px solid rgb(253,222,55) !important; }[data-css=\"tve-u-175e5d82a7d\"] { padding: 0px; }[data-css=\"tve-u-175e5d82a87\"] { border-radius: 0px; background-color: rgb(253, 222, 55) !important; border: 1px solid rgb(253, 222, 55) !important; --tve-applied-background-color: rgb(253,222,55) !important; --tve-applied-border: 1px solid rgb(253,222,55) !important; }[data-css=\"tve-u-175e5d82a89\"] { padding: 20px; margin: 0px; min-height: 0px; }[data-css=\"tve-u-175e5d82a7d\"] .tve-cb h3 { color: rgb(255, 255, 255); margin-top: 0px; margin-bottom: 0px; }[data-css=\"tve-u-175e5d82a7d\"] .tve-cb p { color: rgb(102, 102, 102); margin-top: 20px; margin-bottom: 26px; }:not(#tve) [data-css=\"tve-u-175e5d91ae3\"] { color: rgb(20, 20, 20) !important; --tcb-applied-color: rgb(20,20,20) !important; --tve-applied-color: rgb(20,20,20) !important; }[data-css=\"tve-u-175e5d91ae6\"] { --tcb-applied-color: rgb(20,20,20) !important; font-size: 22px !important; }:not(#tve) [data-css=\"tve-u-175e5db4ad4\"] { color: rgb(0, 54, 255) !important; --tve-applied-color: rgb(0,54,255) !important; }}","tve_user_custom_css":"","tve_globals":{"e":"1","font_cls":[]},"tcb2_ready":1,"tcb_editor_enabled":1,"tve_landing_page":"","_tve_header":"0","_tve_footer":"0"},"class_list":{"0":"post-603","1":"page","2":"type-page","3":"status-publish","5":"entry","6":"has-post-thumbnail"},"yoast_head":"<!-- This site is optimized with the Yoast SEO plugin v27.5 - https:\/\/yoast.com\/product\/yoast-seo-wordpress\/ -->\n<title>Libros - Iniciaci\u00f3n a la Fotograf\u00eda<\/title>\n<meta name=\"robots\" content=\"index, follow, max-snippet:-1, max-image-preview:large, max-video-preview:-1\" \/>\n<link rel=\"canonical\" href=\"https:\/\/manualdetecnicafotografica.com\/blog\/libros\/\" \/>\n<meta property=\"og:locale\" content=\"es_ES\" \/>\n<meta property=\"og:type\" content=\"article\" \/>\n<meta property=\"og:title\" content=\"Libros - Iniciaci\u00f3n a la Fotograf\u00eda\" \/>\n<meta property=\"og:description\" content=\"MANUAL DE T\u00c9CNICA FOTOGR\u00c1FICA Este manual lo he escrito especialmente para los principiantes en fotograf\u00eda. Con un lenguaje sencillo y f\u00e1cil de comprender, este manual te proporcionar\u00e1 todos los conceptos&nbsp;fundamentales de la fotograf\u00eda. M\u00e1s informaci\u00f3n aqu\u00ed PR\u00c1CTICA FOTOGR\u00c1FICA Un libro enfocado en el aprendizaje con la&nbsp;c\u00e1mara en mano. Ideal para incorporar&nbsp;la t\u00e9cnica fotogr\u00e1fica mediante ejercicios [&hellip;]\" \/>\n<meta property=\"og:url\" content=\"https:\/\/manualdetecnicafotografica.com\/blog\/libros\/\" \/>\n<meta property=\"og:site_name\" content=\"Iniciaci\u00f3n a la Fotograf\u00eda\" \/>\n<meta property=\"article:modified_time\" content=\"2026-03-18T18:27:09+00:00\" \/>\n<meta property=\"og:image\" content=\"https:\/\/manualdetecnicafotografica.com\/blog\/wp-content\/uploads\/2020\/11\/Fotografia-de-Paisaje-Juan-Ignacio-Torres_188_1.png\" \/>\n<meta name=\"twitter:card\" content=\"summary_large_image\" \/>\n<meta name=\"twitter:label1\" content=\"Tiempo de lectura\" \/>\n\t<meta name=\"twitter:data1\" content=\"1 minuto\" \/>\n<script type=\"application\/ld+json\" class=\"yoast-schema-graph\">{\"@context\":\"https:\\\/\\\/schema.org\",\"@graph\":[{\"@type\":\"WebPage\",\"@id\":\"https:\\\/\\\/manualdetecnicafotografica.com\\\/blog\\\/libros\\\/\",\"url\":\"https:\\\/\\\/manualdetecnicafotografica.com\\\/blog\\\/libros\\\/\",\"name\":\"Libros - Iniciaci\u00f3n a la Fotograf\u00eda\",\"isPartOf\":{\"@id\":\"https:\\\/\\\/manualdetecnicafotografica.com\\\/blog\\\/#website\"},\"primaryImageOfPage\":{\"@id\":\"https:\\\/\\\/manualdetecnicafotografica.com\\\/blog\\\/libros\\\/#primaryimage\"},\"image\":{\"@id\":\"https:\\\/\\\/manualdetecnicafotografica.com\\\/blog\\\/libros\\\/#primaryimage\"},\"thumbnailUrl\":\"https:\\\/\\\/manualdetecnicafotografica.com\\\/blog\\\/wp-content\\\/uploads\\\/2020\\\/11\\\/Fotografia-de-Paisaje-Juan-Ignacio-Torres_188_1.png\",\"datePublished\":\"2017-01-27T18:29:01+00:00\",\"dateModified\":\"2026-03-18T18:27:09+00:00\",\"breadcrumb\":{\"@id\":\"https:\\\/\\\/manualdetecnicafotografica.com\\\/blog\\\/libros\\\/#breadcrumb\"},\"inLanguage\":\"es\",\"potentialAction\":[{\"@type\":\"ReadAction\",\"target\":[\"https:\\\/\\\/manualdetecnicafotografica.com\\\/blog\\\/libros\\\/\"]}]},{\"@type\":\"ImageObject\",\"inLanguage\":\"es\",\"@id\":\"https:\\\/\\\/manualdetecnicafotografica.com\\\/blog\\\/libros\\\/#primaryimage\",\"url\":\"https:\\\/\\\/manualdetecnicafotografica.com\\\/blog\\\/wp-content\\\/uploads\\\/2020\\\/11\\\/Fotografia-de-Paisaje-Juan-Ignacio-Torres_188_1.png\",\"contentUrl\":\"https:\\\/\\\/manualdetecnicafotografica.com\\\/blog\\\/wp-content\\\/uploads\\\/2020\\\/11\\\/Fotografia-de-Paisaje-Juan-Ignacio-Torres_188_1.png\",\"width\":188,\"height\":288},{\"@type\":\"BreadcrumbList\",\"@id\":\"https:\\\/\\\/manualdetecnicafotografica.com\\\/blog\\\/libros\\\/#breadcrumb\",\"itemListElement\":[{\"@type\":\"ListItem\",\"position\":1,\"name\":\"Portada\",\"item\":\"https:\\\/\\\/manualdetecnicafotografica.com\\\/blog\\\/\"},{\"@type\":\"ListItem\",\"position\":2,\"name\":\"Libros\"}]},{\"@type\":\"WebSite\",\"@id\":\"https:\\\/\\\/manualdetecnicafotografica.com\\\/blog\\\/#website\",\"url\":\"https:\\\/\\\/manualdetecnicafotografica.com\\\/blog\\\/\",\"name\":\"Iniciaci\u00f3n a la Fotograf\u00eda\",\"description\":\"Blog de Juan Ignacio Torres\",\"potentialAction\":[{\"@type\":\"SearchAction\",\"target\":{\"@type\":\"EntryPoint\",\"urlTemplate\":\"https:\\\/\\\/manualdetecnicafotografica.com\\\/blog\\\/?s={search_term_string}\"},\"query-input\":{\"@type\":\"PropertyValueSpecification\",\"valueRequired\":true,\"valueName\":\"search_term_string\"}}],\"inLanguage\":\"es\"}]}<\/script>\n<!-- \/ Yoast SEO plugin. -->","yoast_head_json":{"title":"Libros - Iniciaci\u00f3n a la Fotograf\u00eda","robots":{"index":"index","follow":"follow","max-snippet":"max-snippet:-1","max-image-preview":"max-image-preview:large","max-video-preview":"max-video-preview:-1"},"canonical":"https:\/\/manualdetecnicafotografica.com\/blog\/libros\/","og_locale":"es_ES","og_type":"article","og_title":"Libros - Iniciaci\u00f3n a la Fotograf\u00eda","og_description":"MANUAL DE T\u00c9CNICA FOTOGR\u00c1FICA Este manual lo he escrito especialmente para los principiantes en fotograf\u00eda. Con un lenguaje sencillo y f\u00e1cil de comprender, este manual te proporcionar\u00e1 todos los conceptos&nbsp;fundamentales de la fotograf\u00eda. M\u00e1s informaci\u00f3n aqu\u00ed PR\u00c1CTICA FOTOGR\u00c1FICA Un libro enfocado en el aprendizaje con la&nbsp;c\u00e1mara en mano. Ideal para incorporar&nbsp;la t\u00e9cnica fotogr\u00e1fica mediante ejercicios [&hellip;]","og_url":"https:\/\/manualdetecnicafotografica.com\/blog\/libros\/","og_site_name":"Iniciaci\u00f3n a la Fotograf\u00eda","article_modified_time":"2026-03-18T18:27:09+00:00","og_image":[{"url":"https:\/\/manualdetecnicafotografica.com\/blog\/wp-content\/uploads\/2020\/11\/Fotografia-de-Paisaje-Juan-Ignacio-Torres_188_1.png","type":"","width":"","height":""}],"twitter_card":"summary_large_image","twitter_misc":{"Tiempo de lectura":"1 minuto"},"schema":{"@context":"https:\/\/schema.org","@graph":[{"@type":"WebPage","@id":"https:\/\/manualdetecnicafotografica.com\/blog\/libros\/","url":"https:\/\/manualdetecnicafotografica.com\/blog\/libros\/","name":"Libros - Iniciaci\u00f3n a la Fotograf\u00eda","isPartOf":{"@id":"https:\/\/manualdetecnicafotografica.com\/blog\/#website"},"primaryImageOfPage":{"@id":"https:\/\/manualdetecnicafotografica.com\/blog\/libros\/#primaryimage"},"image":{"@id":"https:\/\/manualdetecnicafotografica.com\/blog\/libros\/#primaryimage"},"thumbnailUrl":"https:\/\/manualdetecnicafotografica.com\/blog\/wp-content\/uploads\/2020\/11\/Fotografia-de-Paisaje-Juan-Ignacio-Torres_188_1.png","datePublished":"2017-01-27T18:29:01+00:00","dateModified":"2026-03-18T18:27:09+00:00","breadcrumb":{"@id":"https:\/\/manualdetecnicafotografica.com\/blog\/libros\/#breadcrumb"},"inLanguage":"es","potentialAction":[{"@type":"ReadAction","target":["https:\/\/manualdetecnicafotografica.com\/blog\/libros\/"]}]},{"@type":"ImageObject","inLanguage":"es","@id":"https:\/\/manualdetecnicafotografica.com\/blog\/libros\/#primaryimage","url":"https:\/\/manualdetecnicafotografica.com\/blog\/wp-content\/uploads\/2020\/11\/Fotografia-de-Paisaje-Juan-Ignacio-Torres_188_1.png","contentUrl":"https:\/\/manualdetecnicafotografica.com\/blog\/wp-content\/uploads\/2020\/11\/Fotografia-de-Paisaje-Juan-Ignacio-Torres_188_1.png","width":188,"height":288},{"@type":"BreadcrumbList","@id":"https:\/\/manualdetecnicafotografica.com\/blog\/libros\/#breadcrumb","itemListElement":[{"@type":"ListItem","position":1,"name":"Portada","item":"https:\/\/manualdetecnicafotografica.com\/blog\/"},{"@type":"ListItem","position":2,"name":"Libros"}]},{"@type":"WebSite","@id":"https:\/\/manualdetecnicafotografica.com\/blog\/#website","url":"https:\/\/manualdetecnicafotografica.com\/blog\/","name":"Iniciaci\u00f3n a la Fotograf\u00eda","description":"Blog de Juan Ignacio Torres","potentialAction":[{"@type":"SearchAction","target":{"@type":"EntryPoint","urlTemplate":"https:\/\/manualdetecnicafotografica.com\/blog\/?s={search_term_string}"},"query-input":{"@type":"PropertyValueSpecification","valueRequired":true,"valueName":"search_term_string"}}],"inLanguage":"es"}]}},"_links":{"self":[{"href":"https:\/\/manualdetecnicafotografica.com\/blog\/wp-json\/wp\/v2\/pages\/603","targetHints":{"allow":["GET"]}}],"collection":[{"href":"https:\/\/manualdetecnicafotografica.com\/blog\/wp-json\/wp\/v2\/pages"}],"about":[{"href":"https:\/\/manualdetecnicafotografica.com\/blog\/wp-json\/wp\/v2\/types\/page"}],"author":[{"embeddable":true,"href":"https:\/\/manualdetecnicafotografica.com\/blog\/wp-json\/wp\/v2\/users\/1"}],"replies":[{"embeddable":true,"href":"https:\/\/manualdetecnicafotografica.com\/blog\/wp-json\/wp\/v2\/comments?post=603"}],"version-history":[{"count":37,"href":"https:\/\/manualdetecnicafotografica.com\/blog\/wp-json\/wp\/v2\/pages\/603\/revisions"}],"predecessor-version":[{"id":4589,"href":"https:\/\/manualdetecnicafotografica.com\/blog\/wp-json\/wp\/v2\/pages\/603\/revisions\/4589"}],"wp:attachment":[{"href":"https:\/\/manualdetecnicafotografica.com\/blog\/wp-json\/wp\/v2\/media?parent=603"}],"curies":[{"name":"wp","href":"https:\/\/api.w.org\/{rel}","templated":true}]}}