{"id":47,"date":"2016-04-21T14:43:01","date_gmt":"2016-04-21T14:43:01","guid":{"rendered":"http:\/\/manualdetecnicafotografica.com\/blog\/?page_id=47"},"modified":"2024-11-13T11:20:34","modified_gmt":"2024-11-13T14:20:34","slug":"ebook-gratis-aprender-fotografia","status":"publish","type":"page","link":"https:\/\/manualdetecnicafotografica.com\/blog\/ebook-gratis-aprender-fotografia\/","title":{"rendered":"Ebook Gratis: Antes de Aprender Fotograf\u00eda"},"content":{"rendered":"<p><span><img loading=\"lazy\" decoding=\"async\" alt=\"\" src=\"https:\/\/manualdetecnicafotografica.com\/blog\/wp-content\/uploads\/2016\/04\/antes-aprender-fotografia-reflex-digital.jpg\" style=\"\" width=\"280\" height=\"336\"><\/span><\/p>\n<p style=\"line-height: 25px; margin-bottom: 10px !important;\" data-unit=\"px\">\u201cAntes de Aprender Fotograf\u00eda\u201d es una breve ebook para todos aquellos que no saben por donde comenzar su iniciaci\u00f3n, y por supuesto, quieren hacerlo bien desde el comienzo.<\/p>\n<p style=\"line-height: 25px; margin-bottom: 10px !important;\"><span style=\"\">EL PROP\u00d3SITO DE ESTE EBOOK ES ORIENTARTE PARA ESCOGER LA MEJOR MANERA\/M\u00c9TODO DE INICIARTE EN FOTOGRAF\u00cdA.<\/span> Dime que tan informado est\u00e1s y te dir\u00e9 que tan buenas son tus decisiones.<\/p>\n<p style=\"line-height: 25px; margin-bottom: 10px !important;\">En este peque\u00f1o ebook <span style=\"\">NO abordo temas tales como apertura, velocidad, profundidad de campo, etc., eso viene luego<\/span> y no es el tema que pretendo desarrollar en \u00e9l.<\/p>\n<p style=\"line-height: 25px; margin-bottom: 10px !important;\">He decidido escribir este libro electr\u00f3nico a todos mis lectores pues me duele ver una y otra vez la frustraci\u00f3n en los rostros de aquellos que reci\u00e9n comienzan.<\/p>\n<p style=\"line-height: 25px; margin-bottom: 10px !important;\">Esta es informaci\u00f3n esencial para todos aquellos que todav\u00eda no dan el primer paso\u2026 o no saben a quien acudir, qu\u00e9 bibliograf\u00eda utilizar, en qu\u00e9 curso anotarse, etc.<\/p>\n<p style=\"line-height: 25px; margin-bottom: 10px !important;\"><strong>INGRESA TU EMAIL Y RECIBE GRATIS MI EBOOK EN EL ACTO:<\/strong><\/p>\n<p>[tcb-script id=\u00bbform-script-tag-15245426&#8243; src=\u00bbhttps:\/\/cursos.manualdetecnicafotografica.com\/public\/remote\/page\/23750526e58ea3a2a55f55de6a853bf803f6c6d6.js\u00bb][\/tcb-script][tcb-script](function(d, s, id) {var js, fjs = d.getElementsByTagName(s)[0];if (d.getElementById(id)) return;js = d.createElement(s); js.id = id;js.src = \u00ab\/\/connect.facebook.net\/es_ES\/sdk.js#xfbml=1&amp;version=v2.6\u00bb;fjs.parentNode.insertBefore(js, fjs);}(document, &#8216;script&#8217;, &#8216;facebook-jssdk&#8217;));[\/tcb-script]<span style=\"vertical-align: bottom; width: 600px; height: 1128px;\"><\/span><\/p>\n","protected":false},"excerpt":{"rendered":"<p>\u201cAntes de Aprender Fotograf\u00eda\u201d es una breve ebook para todos aquellos que no saben por donde comenzar su iniciaci\u00f3n, y por supuesto, quieren hacerlo bien desde el comienzo. EL PROP\u00d3SITO DE ESTE EBOOK ES ORIENTARTE PARA ESCOGER LA MEJOR MANERA\/M\u00c9TODO DE INICIARTE EN FOTOGRAF\u00cdA. Dime que tan informado est\u00e1s y te dir\u00e9 que tan buenas [&hellip;]<\/p>\n","protected":false},"author":1,"featured_media":0,"parent":0,"menu_order":0,"comment_status":"closed","ping_status":"closed","template":"","meta":{"_genesis_hide_title":false,"_genesis_hide_breadcrumbs":false,"_genesis_hide_singular_image":false,"_genesis_hide_footer_widgets":false,"_genesis_custom_body_class":"","_genesis_custom_post_class":"","_genesis_layout":"","_glsr_average":0,"_glsr_ranking":0,"_glsr_reviews":0,"footnotes":""},"class_list":{"0":"post-47","1":"page","2":"type-page","3":"status-publish","5":"entry","6":"has-post-thumbnail"},"yoast_head":"<!-- This site is optimized with the Yoast SEO plugin v27.3 - https:\/\/yoast.com\/product\/yoast-seo-wordpress\/ -->\n<title>Ebook Gratis: Antes de Aprender Fotograf\u00eda - Iniciaci\u00f3n a la Fotograf\u00eda<\/title>\n<meta name=\"robots\" content=\"index, follow, max-snippet:-1, max-image-preview:large, max-video-preview:-1\" \/>\n<link rel=\"canonical\" href=\"https:\/\/manualdetecnicafotografica.com\/blog\/ebook-gratis-aprender-fotografia\/\" \/>\n<meta property=\"og:locale\" content=\"es_ES\" \/>\n<meta property=\"og:type\" content=\"article\" \/>\n<meta property=\"og:title\" content=\"Ebook Gratis: Antes de Aprender Fotograf\u00eda - Iniciaci\u00f3n a la Fotograf\u00eda\" \/>\n<meta property=\"og:description\" content=\"\u201cAntes de Aprender Fotograf\u00eda\u201d es una breve ebook para todos aquellos que no saben por donde comenzar su iniciaci\u00f3n, y por supuesto, quieren hacerlo bien desde el comienzo. EL PROP\u00d3SITO DE ESTE EBOOK ES ORIENTARTE PARA ESCOGER LA MEJOR MANERA\/M\u00c9TODO DE INICIARTE EN FOTOGRAF\u00cdA. Dime que tan informado est\u00e1s y te dir\u00e9 que tan buenas [&hellip;]\" \/>\n<meta property=\"og:url\" content=\"https:\/\/manualdetecnicafotografica.com\/blog\/ebook-gratis-aprender-fotografia\/\" \/>\n<meta property=\"og:site_name\" content=\"Iniciaci\u00f3n a la Fotograf\u00eda\" \/>\n<meta property=\"article:modified_time\" content=\"2024-11-13T14:20:34+00:00\" \/>\n<meta property=\"og:image\" content=\"https:\/\/manualdetecnicafotografica.com\/blog\/wp-content\/uploads\/2016\/04\/antes-aprender-fotografia-reflex-digital.jpg\" \/>\n<meta name=\"twitter:card\" content=\"summary_large_image\" \/>\n<meta name=\"twitter:label1\" content=\"Tiempo de lectura\" \/>\n\t<meta name=\"twitter:data1\" content=\"1 minuto\" \/>\n<script type=\"application\/ld+json\" class=\"yoast-schema-graph\">{\"@context\":\"https:\\\/\\\/schema.org\",\"@graph\":[{\"@type\":\"WebPage\",\"@id\":\"https:\\\/\\\/manualdetecnicafotografica.com\\\/blog\\\/ebook-gratis-aprender-fotografia\\\/\",\"url\":\"https:\\\/\\\/manualdetecnicafotografica.com\\\/blog\\\/ebook-gratis-aprender-fotografia\\\/\",\"name\":\"Ebook Gratis: Antes de Aprender Fotograf\u00eda - Iniciaci\u00f3n a la Fotograf\u00eda\",\"isPartOf\":{\"@id\":\"https:\\\/\\\/manualdetecnicafotografica.com\\\/blog\\\/#website\"},\"primaryImageOfPage\":{\"@id\":\"https:\\\/\\\/manualdetecnicafotografica.com\\\/blog\\\/ebook-gratis-aprender-fotografia\\\/#primaryimage\"},\"image\":{\"@id\":\"https:\\\/\\\/manualdetecnicafotografica.com\\\/blog\\\/ebook-gratis-aprender-fotografia\\\/#primaryimage\"},\"thumbnailUrl\":\"https:\\\/\\\/manualdetecnicafotografica.com\\\/blog\\\/wp-content\\\/uploads\\\/2016\\\/04\\\/antes-aprender-fotografia-reflex-digital.jpg\",\"datePublished\":\"2016-04-21T14:43:01+00:00\",\"dateModified\":\"2024-11-13T14:20:34+00:00\",\"breadcrumb\":{\"@id\":\"https:\\\/\\\/manualdetecnicafotografica.com\\\/blog\\\/ebook-gratis-aprender-fotografia\\\/#breadcrumb\"},\"inLanguage\":\"es\",\"potentialAction\":[{\"@type\":\"ReadAction\",\"target\":[\"https:\\\/\\\/manualdetecnicafotografica.com\\\/blog\\\/ebook-gratis-aprender-fotografia\\\/\"]}]},{\"@type\":\"ImageObject\",\"inLanguage\":\"es\",\"@id\":\"https:\\\/\\\/manualdetecnicafotografica.com\\\/blog\\\/ebook-gratis-aprender-fotografia\\\/#primaryimage\",\"url\":\"https:\\\/\\\/manualdetecnicafotografica.com\\\/blog\\\/wp-content\\\/uploads\\\/2016\\\/04\\\/antes-aprender-fotografia-reflex-digital.jpg\",\"contentUrl\":\"https:\\\/\\\/manualdetecnicafotografica.com\\\/blog\\\/wp-content\\\/uploads\\\/2016\\\/04\\\/antes-aprender-fotografia-reflex-digital.jpg\",\"width\":280,\"height\":336},{\"@type\":\"BreadcrumbList\",\"@id\":\"https:\\\/\\\/manualdetecnicafotografica.com\\\/blog\\\/ebook-gratis-aprender-fotografia\\\/#breadcrumb\",\"itemListElement\":[{\"@type\":\"ListItem\",\"position\":1,\"name\":\"Portada\",\"item\":\"https:\\\/\\\/manualdetecnicafotografica.com\\\/blog\\\/\"},{\"@type\":\"ListItem\",\"position\":2,\"name\":\"Ebook Gratis: Antes de Aprender Fotograf\u00eda\"}]},{\"@type\":\"WebSite\",\"@id\":\"https:\\\/\\\/manualdetecnicafotografica.com\\\/blog\\\/#website\",\"url\":\"https:\\\/\\\/manualdetecnicafotografica.com\\\/blog\\\/\",\"name\":\"Iniciaci\u00f3n a la Fotograf\u00eda\",\"description\":\"Blog de Juan Ignacio Torres\",\"potentialAction\":[{\"@type\":\"SearchAction\",\"target\":{\"@type\":\"EntryPoint\",\"urlTemplate\":\"https:\\\/\\\/manualdetecnicafotografica.com\\\/blog\\\/?s={search_term_string}\"},\"query-input\":{\"@type\":\"PropertyValueSpecification\",\"valueRequired\":true,\"valueName\":\"search_term_string\"}}],\"inLanguage\":\"es\"}]}<\/script>\n<!-- \/ Yoast SEO plugin. -->","yoast_head_json":{"title":"Ebook Gratis: Antes de Aprender Fotograf\u00eda - Iniciaci\u00f3n a la Fotograf\u00eda","robots":{"index":"index","follow":"follow","max-snippet":"max-snippet:-1","max-image-preview":"max-image-preview:large","max-video-preview":"max-video-preview:-1"},"canonical":"https:\/\/manualdetecnicafotografica.com\/blog\/ebook-gratis-aprender-fotografia\/","og_locale":"es_ES","og_type":"article","og_title":"Ebook Gratis: Antes de Aprender Fotograf\u00eda - Iniciaci\u00f3n a la Fotograf\u00eda","og_description":"\u201cAntes de Aprender Fotograf\u00eda\u201d es una breve ebook para todos aquellos que no saben por donde comenzar su iniciaci\u00f3n, y por supuesto, quieren hacerlo bien desde el comienzo. EL PROP\u00d3SITO DE ESTE EBOOK ES ORIENTARTE PARA ESCOGER LA MEJOR MANERA\/M\u00c9TODO DE INICIARTE EN FOTOGRAF\u00cdA. Dime que tan informado est\u00e1s y te dir\u00e9 que tan buenas [&hellip;]","og_url":"https:\/\/manualdetecnicafotografica.com\/blog\/ebook-gratis-aprender-fotografia\/","og_site_name":"Iniciaci\u00f3n a la Fotograf\u00eda","article_modified_time":"2024-11-13T14:20:34+00:00","og_image":[{"url":"https:\/\/manualdetecnicafotografica.com\/blog\/wp-content\/uploads\/2016\/04\/antes-aprender-fotografia-reflex-digital.jpg","type":"","width":"","height":""}],"twitter_card":"summary_large_image","twitter_misc":{"Tiempo de lectura":"1 minuto"},"schema":{"@context":"https:\/\/schema.org","@graph":[{"@type":"WebPage","@id":"https:\/\/manualdetecnicafotografica.com\/blog\/ebook-gratis-aprender-fotografia\/","url":"https:\/\/manualdetecnicafotografica.com\/blog\/ebook-gratis-aprender-fotografia\/","name":"Ebook Gratis: Antes de Aprender Fotograf\u00eda - Iniciaci\u00f3n a la Fotograf\u00eda","isPartOf":{"@id":"https:\/\/manualdetecnicafotografica.com\/blog\/#website"},"primaryImageOfPage":{"@id":"https:\/\/manualdetecnicafotografica.com\/blog\/ebook-gratis-aprender-fotografia\/#primaryimage"},"image":{"@id":"https:\/\/manualdetecnicafotografica.com\/blog\/ebook-gratis-aprender-fotografia\/#primaryimage"},"thumbnailUrl":"https:\/\/manualdetecnicafotografica.com\/blog\/wp-content\/uploads\/2016\/04\/antes-aprender-fotografia-reflex-digital.jpg","datePublished":"2016-04-21T14:43:01+00:00","dateModified":"2024-11-13T14:20:34+00:00","breadcrumb":{"@id":"https:\/\/manualdetecnicafotografica.com\/blog\/ebook-gratis-aprender-fotografia\/#breadcrumb"},"inLanguage":"es","potentialAction":[{"@type":"ReadAction","target":["https:\/\/manualdetecnicafotografica.com\/blog\/ebook-gratis-aprender-fotografia\/"]}]},{"@type":"ImageObject","inLanguage":"es","@id":"https:\/\/manualdetecnicafotografica.com\/blog\/ebook-gratis-aprender-fotografia\/#primaryimage","url":"https:\/\/manualdetecnicafotografica.com\/blog\/wp-content\/uploads\/2016\/04\/antes-aprender-fotografia-reflex-digital.jpg","contentUrl":"https:\/\/manualdetecnicafotografica.com\/blog\/wp-content\/uploads\/2016\/04\/antes-aprender-fotografia-reflex-digital.jpg","width":280,"height":336},{"@type":"BreadcrumbList","@id":"https:\/\/manualdetecnicafotografica.com\/blog\/ebook-gratis-aprender-fotografia\/#breadcrumb","itemListElement":[{"@type":"ListItem","position":1,"name":"Portada","item":"https:\/\/manualdetecnicafotografica.com\/blog\/"},{"@type":"ListItem","position":2,"name":"Ebook Gratis: Antes de Aprender Fotograf\u00eda"}]},{"@type":"WebSite","@id":"https:\/\/manualdetecnicafotografica.com\/blog\/#website","url":"https:\/\/manualdetecnicafotografica.com\/blog\/","name":"Iniciaci\u00f3n a la Fotograf\u00eda","description":"Blog de Juan Ignacio Torres","potentialAction":[{"@type":"SearchAction","target":{"@type":"EntryPoint","urlTemplate":"https:\/\/manualdetecnicafotografica.com\/blog\/?s={search_term_string}"},"query-input":{"@type":"PropertyValueSpecification","valueRequired":true,"valueName":"search_term_string"}}],"inLanguage":"es"}]}},"_links":{"self":[{"href":"https:\/\/manualdetecnicafotografica.com\/blog\/wp-json\/wp\/v2\/pages\/47","targetHints":{"allow":["GET"]}}],"collection":[{"href":"https:\/\/manualdetecnicafotografica.com\/blog\/wp-json\/wp\/v2\/pages"}],"about":[{"href":"https:\/\/manualdetecnicafotografica.com\/blog\/wp-json\/wp\/v2\/types\/page"}],"author":[{"embeddable":true,"href":"https:\/\/manualdetecnicafotografica.com\/blog\/wp-json\/wp\/v2\/users\/1"}],"replies":[{"embeddable":true,"href":"https:\/\/manualdetecnicafotografica.com\/blog\/wp-json\/wp\/v2\/comments?post=47"}],"version-history":[{"count":9,"href":"https:\/\/manualdetecnicafotografica.com\/blog\/wp-json\/wp\/v2\/pages\/47\/revisions"}],"predecessor-version":[{"id":4146,"href":"https:\/\/manualdetecnicafotografica.com\/blog\/wp-json\/wp\/v2\/pages\/47\/revisions\/4146"}],"wp:attachment":[{"href":"https:\/\/manualdetecnicafotografica.com\/blog\/wp-json\/wp\/v2\/media?parent=47"}],"curies":[{"name":"wp","href":"https:\/\/api.w.org\/{rel}","templated":true}]}}