{"id":465,"date":"2016-07-24T15:44:43","date_gmt":"2016-07-24T15:44:43","guid":{"rendered":"http:\/\/manualdetecnicafotografica.com\/blog\/?page_id=465"},"modified":"2026-03-23T17:50:44","modified_gmt":"2026-03-23T20:50:44","slug":"aprende-fotografia-hoy","status":"publish","type":"page","link":"https:\/\/manualdetecnicafotografica.com\/blog\/aprende-fotografia-hoy\/","title":{"rendered":"Aprende fotograf\u00eda hoy: DESCARGA EBOOK GRATIS"},"content":{"rendered":"<p><span><img loading=\"lazy\" decoding=\"async\" alt=\"\" src=\"https:\/\/manualdetecnicafotografica.com\/blog\/wp-content\/uploads\/2016\/04\/antes-aprender-fotografia-reflex-digital.jpg\" style=\"aspect-ratio: auto 280 \/ 336;\" width=\"171\" height=\"205\" data-width=\"171\" data-height=\"205\" data-init-width=\"280\" data-init-height=\"336\"><\/span><\/p>\n<p style=\"margin-bottom: 10px !important; line-height: 25px;\" data-unit=\"px\">He decidido escribir este libro para todos los principiantes,&nbsp;pues me duele ver la frustraci\u00f3n y deserci\u00f3n de muchos que se inician sin un m\u00e9todo correcto de aprendizaje.<\/p>\n<p style=\"margin-bottom: 10px !important; line-height: 25px;\"><span>El prop\u00f3sito de este ebook es orientarte en tu camino de iniciaci\u00f3n fotogr\u00e1fica. &nbsp;<\/span><\/p>\n<p style=\"margin-bottom: 10px !important; line-height: 25px;\">En sus p\u00e1ginas hacemos un repaso por diferentes aspectos esenciales del aprendizaje fotogr\u00e1fico: Dificultades recurrentes, equipo fotogr\u00e1fico, elementos de la t\u00e9cnica b\u00e1sica, m\u00e9todos educativos, entre otros.<\/p>\n<h2 style=\"text-align: center;\">Recibe este libro en tu casilla de correo:<\/h2>\n<p>[tcb-script id=\u00bbform-script-tag-15245426&#8243; src=\u00bbhttps:\/\/cursos.manualdetecnicafotografica.com\/public\/remote\/page\/23750526e58ea3a2a55f55de6a853bf803f6c6d6.js\u00bb][\/tcb-script]<\/p>\n<p>Esta es informaci\u00f3n esencial para todos aquellos que reci\u00e9n comienzan en el mundo de la fotograf\u00eda y quieren hacerlo con el pie derecho. Espero aproveches este material, saludos!<\/p>\n<p><strong><em>Juan Ignacio Torres<\/em><\/strong><\/p>\n<h1 style=\"margin-top: 0px !important; margin-bottom: 0px !important;\">La opini\u00f3n de los lectores:<\/h1>\n<p>[tcb-script](function(d, s, id) {var js, fjs = d.getElementsByTagName(s)[0];if (d.getElementById(id)) return;js = d.createElement(s); js.id = id;js.src = \u00ab\/\/connect.facebook.net\/en_US\/sdk.js#xfbml=1&amp;version=v2.7\u00bb;fjs.parentNode.insertBefore(js, fjs);}(document, &#8216;script&#8217;, &#8216;facebook-jssdk&#8217;));[\/tcb-script]<span style=\"vertical-align: bottom; width: 600px; height: 1128px;\"><\/span><\/p>\n","protected":false},"excerpt":{"rendered":"<p>He decidido escribir este libro para todos los principiantes,&nbsp;pues me duele ver la frustraci\u00f3n y deserci\u00f3n de muchos que se inician sin un m\u00e9todo correcto de aprendizaje. El prop\u00f3sito de este ebook es orientarte en tu camino de iniciaci\u00f3n fotogr\u00e1fica. &nbsp; En sus p\u00e1ginas hacemos un repaso por diferentes aspectos esenciales del aprendizaje fotogr\u00e1fico: Dificultades [&hellip;]<\/p>\n","protected":false},"author":1,"featured_media":0,"parent":0,"menu_order":0,"comment_status":"closed","ping_status":"closed","template":"","meta":{"_genesis_hide_title":false,"_genesis_hide_breadcrumbs":false,"_genesis_hide_singular_image":false,"_genesis_hide_footer_widgets":false,"_genesis_custom_body_class":"","_genesis_custom_post_class":"","_genesis_layout":"","_glsr_average":0,"_glsr_ranking":0,"_glsr_reviews":0,"footnotes":""},"class_list":{"0":"post-465","1":"page","2":"type-page","3":"status-publish","5":"entry"},"yoast_head":"<!-- This site is optimized with the Yoast SEO plugin v27.3 - https:\/\/yoast.com\/product\/yoast-seo-wordpress\/ -->\n<title>Aprende fotograf\u00eda hoy: DESCARGA EBOOK GRATIS - Iniciaci\u00f3n a la Fotograf\u00eda<\/title>\n<meta name=\"description\" content=\"\u00bfQuieres aprender fotograf\u00eda desde cero? Descubre los conceptos b\u00e1sicos, consejos pr\u00e1cticos y t\u00e9cnicas esenciales para empezar a tomar fotos incre\u00edbles hoy mismo.\" \/>\n<meta name=\"robots\" content=\"index, follow, max-snippet:-1, max-image-preview:large, max-video-preview:-1\" \/>\n<link rel=\"canonical\" href=\"https:\/\/manualdetecnicafotografica.com\/blog\/aprende-fotografia-hoy\/\" \/>\n<meta property=\"og:locale\" content=\"es_ES\" \/>\n<meta property=\"og:type\" content=\"article\" \/>\n<meta property=\"og:title\" content=\"Aprende fotograf\u00eda hoy: DESCARGA EBOOK GRATIS - Iniciaci\u00f3n a la Fotograf\u00eda\" \/>\n<meta property=\"og:description\" content=\"\u00bfQuieres aprender fotograf\u00eda desde cero? Descubre los conceptos b\u00e1sicos, consejos pr\u00e1cticos y t\u00e9cnicas esenciales para empezar a tomar fotos incre\u00edbles hoy mismo.\" \/>\n<meta property=\"og:url\" content=\"https:\/\/manualdetecnicafotografica.com\/blog\/aprende-fotografia-hoy\/\" \/>\n<meta property=\"og:site_name\" content=\"Iniciaci\u00f3n a la Fotograf\u00eda\" \/>\n<meta property=\"article:modified_time\" content=\"2026-03-23T20:50:44+00:00\" \/>\n<meta property=\"og:image\" content=\"https:\/\/manualdetecnicafotografica.com\/blog\/wp-content\/uploads\/2016\/04\/antes-aprender-fotografia-reflex-digital.jpg\" \/>\n<meta name=\"twitter:card\" content=\"summary_large_image\" \/>\n<meta name=\"twitter:label1\" content=\"Tiempo de lectura\" \/>\n\t<meta name=\"twitter:data1\" content=\"1 minuto\" \/>\n<script type=\"application\/ld+json\" class=\"yoast-schema-graph\">{\"@context\":\"https:\\\/\\\/schema.org\",\"@graph\":[{\"@type\":\"WebPage\",\"@id\":\"https:\\\/\\\/manualdetecnicafotografica.com\\\/blog\\\/aprende-fotografia-hoy\\\/\",\"url\":\"https:\\\/\\\/manualdetecnicafotografica.com\\\/blog\\\/aprende-fotografia-hoy\\\/\",\"name\":\"Aprende fotograf\u00eda hoy: DESCARGA EBOOK GRATIS - Iniciaci\u00f3n a la Fotograf\u00eda\",\"isPartOf\":{\"@id\":\"https:\\\/\\\/manualdetecnicafotografica.com\\\/blog\\\/#website\"},\"primaryImageOfPage\":{\"@id\":\"https:\\\/\\\/manualdetecnicafotografica.com\\\/blog\\\/aprende-fotografia-hoy\\\/#primaryimage\"},\"image\":{\"@id\":\"https:\\\/\\\/manualdetecnicafotografica.com\\\/blog\\\/aprende-fotografia-hoy\\\/#primaryimage\"},\"thumbnailUrl\":\"https:\\\/\\\/manualdetecnicafotografica.com\\\/blog\\\/wp-content\\\/uploads\\\/2016\\\/04\\\/antes-aprender-fotografia-reflex-digital.jpg\",\"datePublished\":\"2016-07-24T15:44:43+00:00\",\"dateModified\":\"2026-03-23T20:50:44+00:00\",\"description\":\"\u00bfQuieres aprender fotograf\u00eda desde cero? Descubre los conceptos b\u00e1sicos, consejos pr\u00e1cticos y t\u00e9cnicas esenciales para empezar a tomar fotos incre\u00edbles hoy mismo.\",\"breadcrumb\":{\"@id\":\"https:\\\/\\\/manualdetecnicafotografica.com\\\/blog\\\/aprende-fotografia-hoy\\\/#breadcrumb\"},\"inLanguage\":\"es\",\"potentialAction\":[{\"@type\":\"ReadAction\",\"target\":[\"https:\\\/\\\/manualdetecnicafotografica.com\\\/blog\\\/aprende-fotografia-hoy\\\/\"]}]},{\"@type\":\"ImageObject\",\"inLanguage\":\"es\",\"@id\":\"https:\\\/\\\/manualdetecnicafotografica.com\\\/blog\\\/aprende-fotografia-hoy\\\/#primaryimage\",\"url\":\"https:\\\/\\\/manualdetecnicafotografica.com\\\/blog\\\/wp-content\\\/uploads\\\/2016\\\/04\\\/antes-aprender-fotografia-reflex-digital.jpg\",\"contentUrl\":\"https:\\\/\\\/manualdetecnicafotografica.com\\\/blog\\\/wp-content\\\/uploads\\\/2016\\\/04\\\/antes-aprender-fotografia-reflex-digital.jpg\",\"width\":280,\"height\":336},{\"@type\":\"BreadcrumbList\",\"@id\":\"https:\\\/\\\/manualdetecnicafotografica.com\\\/blog\\\/aprende-fotografia-hoy\\\/#breadcrumb\",\"itemListElement\":[{\"@type\":\"ListItem\",\"position\":1,\"name\":\"Portada\",\"item\":\"https:\\\/\\\/manualdetecnicafotografica.com\\\/blog\\\/\"},{\"@type\":\"ListItem\",\"position\":2,\"name\":\"Aprende fotograf\u00eda hoy: DESCARGA EBOOK GRATIS\"}]},{\"@type\":\"WebSite\",\"@id\":\"https:\\\/\\\/manualdetecnicafotografica.com\\\/blog\\\/#website\",\"url\":\"https:\\\/\\\/manualdetecnicafotografica.com\\\/blog\\\/\",\"name\":\"Iniciaci\u00f3n a la Fotograf\u00eda\",\"description\":\"Blog de Juan Ignacio Torres\",\"potentialAction\":[{\"@type\":\"SearchAction\",\"target\":{\"@type\":\"EntryPoint\",\"urlTemplate\":\"https:\\\/\\\/manualdetecnicafotografica.com\\\/blog\\\/?s={search_term_string}\"},\"query-input\":{\"@type\":\"PropertyValueSpecification\",\"valueRequired\":true,\"valueName\":\"search_term_string\"}}],\"inLanguage\":\"es\"}]}<\/script>\n<!-- \/ Yoast SEO plugin. -->","yoast_head_json":{"title":"Aprende fotograf\u00eda hoy: DESCARGA EBOOK GRATIS - Iniciaci\u00f3n a la Fotograf\u00eda","description":"\u00bfQuieres aprender fotograf\u00eda desde cero? Descubre los conceptos b\u00e1sicos, consejos pr\u00e1cticos y t\u00e9cnicas esenciales para empezar a tomar fotos incre\u00edbles hoy mismo.","robots":{"index":"index","follow":"follow","max-snippet":"max-snippet:-1","max-image-preview":"max-image-preview:large","max-video-preview":"max-video-preview:-1"},"canonical":"https:\/\/manualdetecnicafotografica.com\/blog\/aprende-fotografia-hoy\/","og_locale":"es_ES","og_type":"article","og_title":"Aprende fotograf\u00eda hoy: DESCARGA EBOOK GRATIS - Iniciaci\u00f3n a la Fotograf\u00eda","og_description":"\u00bfQuieres aprender fotograf\u00eda desde cero? Descubre los conceptos b\u00e1sicos, consejos pr\u00e1cticos y t\u00e9cnicas esenciales para empezar a tomar fotos incre\u00edbles hoy mismo.","og_url":"https:\/\/manualdetecnicafotografica.com\/blog\/aprende-fotografia-hoy\/","og_site_name":"Iniciaci\u00f3n a la Fotograf\u00eda","article_modified_time":"2026-03-23T20:50:44+00:00","og_image":[{"url":"https:\/\/manualdetecnicafotografica.com\/blog\/wp-content\/uploads\/2016\/04\/antes-aprender-fotografia-reflex-digital.jpg","type":"","width":"","height":""}],"twitter_card":"summary_large_image","twitter_misc":{"Tiempo de lectura":"1 minuto"},"schema":{"@context":"https:\/\/schema.org","@graph":[{"@type":"WebPage","@id":"https:\/\/manualdetecnicafotografica.com\/blog\/aprende-fotografia-hoy\/","url":"https:\/\/manualdetecnicafotografica.com\/blog\/aprende-fotografia-hoy\/","name":"Aprende fotograf\u00eda hoy: DESCARGA EBOOK GRATIS - Iniciaci\u00f3n a la Fotograf\u00eda","isPartOf":{"@id":"https:\/\/manualdetecnicafotografica.com\/blog\/#website"},"primaryImageOfPage":{"@id":"https:\/\/manualdetecnicafotografica.com\/blog\/aprende-fotografia-hoy\/#primaryimage"},"image":{"@id":"https:\/\/manualdetecnicafotografica.com\/blog\/aprende-fotografia-hoy\/#primaryimage"},"thumbnailUrl":"https:\/\/manualdetecnicafotografica.com\/blog\/wp-content\/uploads\/2016\/04\/antes-aprender-fotografia-reflex-digital.jpg","datePublished":"2016-07-24T15:44:43+00:00","dateModified":"2026-03-23T20:50:44+00:00","description":"\u00bfQuieres aprender fotograf\u00eda desde cero? Descubre los conceptos b\u00e1sicos, consejos pr\u00e1cticos y t\u00e9cnicas esenciales para empezar a tomar fotos incre\u00edbles hoy mismo.","breadcrumb":{"@id":"https:\/\/manualdetecnicafotografica.com\/blog\/aprende-fotografia-hoy\/#breadcrumb"},"inLanguage":"es","potentialAction":[{"@type":"ReadAction","target":["https:\/\/manualdetecnicafotografica.com\/blog\/aprende-fotografia-hoy\/"]}]},{"@type":"ImageObject","inLanguage":"es","@id":"https:\/\/manualdetecnicafotografica.com\/blog\/aprende-fotografia-hoy\/#primaryimage","url":"https:\/\/manualdetecnicafotografica.com\/blog\/wp-content\/uploads\/2016\/04\/antes-aprender-fotografia-reflex-digital.jpg","contentUrl":"https:\/\/manualdetecnicafotografica.com\/blog\/wp-content\/uploads\/2016\/04\/antes-aprender-fotografia-reflex-digital.jpg","width":280,"height":336},{"@type":"BreadcrumbList","@id":"https:\/\/manualdetecnicafotografica.com\/blog\/aprende-fotografia-hoy\/#breadcrumb","itemListElement":[{"@type":"ListItem","position":1,"name":"Portada","item":"https:\/\/manualdetecnicafotografica.com\/blog\/"},{"@type":"ListItem","position":2,"name":"Aprende fotograf\u00eda hoy: DESCARGA EBOOK GRATIS"}]},{"@type":"WebSite","@id":"https:\/\/manualdetecnicafotografica.com\/blog\/#website","url":"https:\/\/manualdetecnicafotografica.com\/blog\/","name":"Iniciaci\u00f3n a la Fotograf\u00eda","description":"Blog de Juan Ignacio Torres","potentialAction":[{"@type":"SearchAction","target":{"@type":"EntryPoint","urlTemplate":"https:\/\/manualdetecnicafotografica.com\/blog\/?s={search_term_string}"},"query-input":{"@type":"PropertyValueSpecification","valueRequired":true,"valueName":"search_term_string"}}],"inLanguage":"es"}]}},"_links":{"self":[{"href":"https:\/\/manualdetecnicafotografica.com\/blog\/wp-json\/wp\/v2\/pages\/465","targetHints":{"allow":["GET"]}}],"collection":[{"href":"https:\/\/manualdetecnicafotografica.com\/blog\/wp-json\/wp\/v2\/pages"}],"about":[{"href":"https:\/\/manualdetecnicafotografica.com\/blog\/wp-json\/wp\/v2\/types\/page"}],"author":[{"embeddable":true,"href":"https:\/\/manualdetecnicafotografica.com\/blog\/wp-json\/wp\/v2\/users\/1"}],"replies":[{"embeddable":true,"href":"https:\/\/manualdetecnicafotografica.com\/blog\/wp-json\/wp\/v2\/comments?post=465"}],"version-history":[{"count":19,"href":"https:\/\/manualdetecnicafotografica.com\/blog\/wp-json\/wp\/v2\/pages\/465\/revisions"}],"predecessor-version":[{"id":4142,"href":"https:\/\/manualdetecnicafotografica.com\/blog\/wp-json\/wp\/v2\/pages\/465\/revisions\/4142"}],"wp:attachment":[{"href":"https:\/\/manualdetecnicafotografica.com\/blog\/wp-json\/wp\/v2\/media?parent=465"}],"curies":[{"name":"wp","href":"https:\/\/api.w.org\/{rel}","templated":true}]}}