{"id":392,"date":"2016-05-17T14:34:18","date_gmt":"2016-05-17T14:34:18","guid":{"rendered":"http:\/\/manualdetecnicafotografica.com\/blog\/?page_id=392"},"modified":"2024-12-27T13:33:46","modified_gmt":"2024-12-27T16:33:46","slug":"descargas-material-didactico","status":"publish","type":"page","link":"https:\/\/manualdetecnicafotografica.com\/blog\/descargas-material-didactico\/","title":{"rendered":"Descargas de material did\u00e1ctico"},"content":{"rendered":"<p data-unit=\"px\" style=\"line-height: 27px;\"><span><span>En esta secci\u00f3n publicar\u00e9 material did\u00e1ctico que puedes descargar para seguir aprendiendo fotograf\u00eda. Libros, planillas, gu\u00edas y todo lo que tenga disponible.<\/span><\/span><\/p>\n<p><span><img loading=\"lazy\" decoding=\"async\" alt=\"\" src=\"https:\/\/manualdetecnicafotografica.com\/blog\/wp-content\/uploads\/2016\/04\/antes-aprender-fotografia-reflex-digital.jpg\" style=\"\" width=\"100\" height=\"120\"><\/span><\/p>\n<p style=\"line-height: 25px; margin-bottom: 0px !important;\" data-unit=\"px\"><span>Antes de Aprender Fotograf\u00eda (gratis)<\/span><\/p>\n<p style=\"margin-bottom: 5px !important; line-height: 25px;\" data-unit=\"px\">Ebook de mi autor\u00eda en donde te introduzco al mundo de la fotograf\u00eda. <a href=\"https:\/\/cursos.manualdetecnicafotografica.com\/obten-el-libro-antes-de-aprender-fotografia-sin-costo\" style=\"color: rgb(0, 0, 204); outline: none;\" target=\"_blank\" rel=\"noopener\"><span><span>Descargar aqu\u00ed<\/span><\/span><\/a><\/p>\n<p><span><img decoding=\"async\" alt=\"\" src=\"https:\/\/manualdetecnicafotografica.com\/blog\/wp-content\/uploads\/2024\/12\/Guia-Poses-Grupales-juan-ignacio-torres-mini.png\" style=\"aspect-ratio: auto 178 \/ 251;\" width=\"100\" height=\"141\" data-width=\"100\" data-height=\"141\" data-init-width=\"178\" data-init-height=\"251\" data-id=\"4240\" title=\"Guia-Poses-Grupales-juan-ignacio-torres-mini\" loading=\"lazy\"><\/span><\/p>\n<p style=\"line-height: 25px; margin-bottom: 0px !important;\" data-unit=\"px\"><span>Gu\u00eda de Poses Familiares (gratis)<\/span><\/p>\n<p style=\"margin-bottom: 5px !important; line-height: 25px;\" data-unit=\"px\">Poses de referencia para retratos de grupo. Extracto del libro original. <span style=\"color: rgb(0, 0, 204) !important;\"><a href=\"https:\/\/manualdetecnicafotografica.com\/blog\/wp-content\/uploads\/2024\/12\/Poses-Familiares-Grupales-Juan-Ignacio-Torres.pdf\" target=\"_blank\" style=\"outline: none;\" rel=\"noopener\"><span><span style=\"--tcb-applied-color: rgb(0, 0, 204) !important;\">Descargar aqu\u00ed<\/span><\/span><\/a><\/span><\/p>\n<p><span><img loading=\"lazy\" decoding=\"async\" alt=\"\" src=\"https:\/\/manualdetecnicafotografica.com\/blog\/wp-content\/uploads\/2016\/05\/retratos-mujeres.jpg\" style=\"aspect-ratio: auto 287 \/ 339;\" width=\"106\" height=\"125\" data-width=\"106\" data-height=\"125\" data-init-width=\"287\" data-init-height=\"339\"><\/span><\/p>\n<p style=\"margin-bottom: 0px !important; line-height: 25px; margin-top: 15px !important;\" data-unit=\"px\" id=\"\"><span>Gu\u00eda de Poses para Retratos de Parejas<\/span><\/p>\n<p style=\"margin-bottom: 5px !important; line-height: 25px;\" data-unit=\"px\">Ideas para tus retratos de parejas listo para imprimir. <a href=\"https:\/\/manualdetecnicafotografica.com\/blog\/wp-content\/uploads\/2016\/05\/Poses-para-Retratos-de-Parejas-Juan-Ignacio-Torres.pdf\" target=\"_blank\" style=\"color: rgb(0, 0, 204); outline: none;\" rel=\"noopener\"><span>Descargar en PDF<\/span><\/a><\/p>\n<p><span><img loading=\"lazy\" decoding=\"async\" alt=\"\" src=\"https:\/\/manualdetecnicafotografica.com\/blog\/wp-content\/uploads\/2016\/05\/retratos-infantiles.jpg\" style=\"\" width=\"106\" height=\"122\"><\/span><\/p>\n<p style=\"margin-bottom: 0px !important; line-height: 25px; margin-top: 15px !important;\" data-unit=\"px\"><span>Gu\u00eda de Poses para Retratos a Ni\u00f1os<\/span><\/p>\n<p style=\"margin-bottom: 5px !important; line-height: 25px;\" data-unit=\"px\">Ideas para tus retratos a los m\u00e1s peque\u00f1os. <a href=\"https:\/\/manualdetecnicafotografica.com\/blog\/wp-content\/uploads\/2016\/05\/Poses-para-Retratos-infantiles-Juan-Ignacio-Torres.pdf\" target=\"_blank\" style=\"outline: none;\" rel=\"noopener\"><span><span>Descargar en PDF<\/span><\/span><\/a><\/p>\n<p><span><img loading=\"lazy\" decoding=\"async\" alt=\"\" src=\"https:\/\/manualdetecnicafotografica.com\/blog\/wp-content\/uploads\/2016\/05\/manual-de-tecnica-fotografica.jpg\" style=\"\" width=\"93\" height=\"117\"><\/span><\/p>\n<p style=\"margin-bottom: 0px !important; line-height: 25px; margin-top: 15px !important;\" data-unit=\"px\"><span>Manual de T\u00e9cnica Fotogr\u00e1fica<\/span><\/p>\n<p style=\"margin-bottom: 5px !important; line-height: 25px;\" data-unit=\"px\">Primer libro comercial de mi autor\u00eda que comprende una iniciaci\u00f3n&nbsp;s\u00f3lida y completa para&nbsp;principiantes. <a href=\"https:\/\/manualdetecnicafotografica.com\/blog\/libro\/\" target=\"_blank\" style=\"color: rgb(0, 0, 204); outline: none;\" rel=\"noopener\"><span>D\ufeff\ufeffescargar aqu\u00ed<\/span><\/a><a href=\"https:\/\/manualdetecnicafotografica.com\/blog\/camara-debo-comprar\/\" style=\"color: rgb(0, 0, 204);\"><span><\/span><\/a><\/p>\n","protected":false},"excerpt":{"rendered":"<p>En esta secci\u00f3n publicar\u00e9 material did\u00e1ctico que puedes descargar para seguir aprendiendo fotograf\u00eda. Libros, planillas, gu\u00edas y todo lo que tenga disponible. Antes de Aprender Fotograf\u00eda (gratis) Ebook de mi autor\u00eda en donde te introduzco al mundo de la fotograf\u00eda. Descargar aqu\u00ed Gu\u00eda de Poses Familiares (gratis) Poses de referencia para retratos de grupo. Extracto [&hellip;]<\/p>\n","protected":false},"author":1,"featured_media":0,"parent":0,"menu_order":0,"comment_status":"closed","ping_status":"closed","template":"","meta":{"_genesis_hide_title":false,"_genesis_hide_breadcrumbs":false,"_genesis_hide_singular_image":false,"_genesis_hide_footer_widgets":false,"_genesis_custom_body_class":"","_genesis_custom_post_class":"","_genesis_layout":"","_glsr_average":0,"_glsr_ranking":0,"_glsr_reviews":0,"footnotes":""},"class_list":{"0":"post-392","1":"page","2":"type-page","3":"status-publish","5":"entry"},"yoast_head":"<!-- This site is optimized with the Yoast SEO plugin v27.3 - https:\/\/yoast.com\/product\/yoast-seo-wordpress\/ -->\n<title>Descargas de material did\u00e1ctico - Iniciaci\u00f3n a la Fotograf\u00eda<\/title>\n<meta name=\"robots\" content=\"index, follow, max-snippet:-1, max-image-preview:large, max-video-preview:-1\" \/>\n<link rel=\"canonical\" href=\"https:\/\/manualdetecnicafotografica.com\/blog\/descargas-material-didactico\/\" \/>\n<meta property=\"og:locale\" content=\"es_ES\" \/>\n<meta property=\"og:type\" content=\"article\" \/>\n<meta property=\"og:title\" content=\"Descargas de material did\u00e1ctico - Iniciaci\u00f3n a la Fotograf\u00eda\" \/>\n<meta property=\"og:description\" content=\"En esta secci\u00f3n publicar\u00e9 material did\u00e1ctico que puedes descargar para seguir aprendiendo fotograf\u00eda. Libros, planillas, gu\u00edas y todo lo que tenga disponible. Antes de Aprender Fotograf\u00eda (gratis) Ebook de mi autor\u00eda en donde te introduzco al mundo de la fotograf\u00eda. Descargar aqu\u00ed Gu\u00eda de Poses Familiares (gratis) Poses de referencia para retratos de grupo. Extracto [&hellip;]\" \/>\n<meta property=\"og:url\" content=\"https:\/\/manualdetecnicafotografica.com\/blog\/descargas-material-didactico\/\" \/>\n<meta property=\"og:site_name\" content=\"Iniciaci\u00f3n a la Fotograf\u00eda\" \/>\n<meta property=\"article:modified_time\" content=\"2024-12-27T16:33:46+00:00\" \/>\n<meta property=\"og:image\" content=\"https:\/\/manualdetecnicafotografica.com\/blog\/wp-content\/uploads\/2016\/04\/antes-aprender-fotografia-reflex-digital.jpg\" \/>\n<meta name=\"twitter:card\" content=\"summary_large_image\" \/>\n<meta name=\"twitter:label1\" content=\"Tiempo de lectura\" \/>\n\t<meta name=\"twitter:data1\" content=\"2 minutos\" \/>\n<script type=\"application\/ld+json\" class=\"yoast-schema-graph\">{\"@context\":\"https:\\\/\\\/schema.org\",\"@graph\":[{\"@type\":\"WebPage\",\"@id\":\"https:\\\/\\\/manualdetecnicafotografica.com\\\/blog\\\/descargas-material-didactico\\\/\",\"url\":\"https:\\\/\\\/manualdetecnicafotografica.com\\\/blog\\\/descargas-material-didactico\\\/\",\"name\":\"Descargas de material did\u00e1ctico - Iniciaci\u00f3n a la Fotograf\u00eda\",\"isPartOf\":{\"@id\":\"https:\\\/\\\/manualdetecnicafotografica.com\\\/blog\\\/#website\"},\"primaryImageOfPage\":{\"@id\":\"https:\\\/\\\/manualdetecnicafotografica.com\\\/blog\\\/descargas-material-didactico\\\/#primaryimage\"},\"image\":{\"@id\":\"https:\\\/\\\/manualdetecnicafotografica.com\\\/blog\\\/descargas-material-didactico\\\/#primaryimage\"},\"thumbnailUrl\":\"https:\\\/\\\/manualdetecnicafotografica.com\\\/blog\\\/wp-content\\\/uploads\\\/2016\\\/04\\\/antes-aprender-fotografia-reflex-digital.jpg\",\"datePublished\":\"2016-05-17T14:34:18+00:00\",\"dateModified\":\"2024-12-27T16:33:46+00:00\",\"breadcrumb\":{\"@id\":\"https:\\\/\\\/manualdetecnicafotografica.com\\\/blog\\\/descargas-material-didactico\\\/#breadcrumb\"},\"inLanguage\":\"es\",\"potentialAction\":[{\"@type\":\"ReadAction\",\"target\":[\"https:\\\/\\\/manualdetecnicafotografica.com\\\/blog\\\/descargas-material-didactico\\\/\"]}]},{\"@type\":\"ImageObject\",\"inLanguage\":\"es\",\"@id\":\"https:\\\/\\\/manualdetecnicafotografica.com\\\/blog\\\/descargas-material-didactico\\\/#primaryimage\",\"url\":\"https:\\\/\\\/manualdetecnicafotografica.com\\\/blog\\\/wp-content\\\/uploads\\\/2016\\\/04\\\/antes-aprender-fotografia-reflex-digital.jpg\",\"contentUrl\":\"https:\\\/\\\/manualdetecnicafotografica.com\\\/blog\\\/wp-content\\\/uploads\\\/2016\\\/04\\\/antes-aprender-fotografia-reflex-digital.jpg\",\"width\":280,\"height\":336},{\"@type\":\"BreadcrumbList\",\"@id\":\"https:\\\/\\\/manualdetecnicafotografica.com\\\/blog\\\/descargas-material-didactico\\\/#breadcrumb\",\"itemListElement\":[{\"@type\":\"ListItem\",\"position\":1,\"name\":\"Portada\",\"item\":\"https:\\\/\\\/manualdetecnicafotografica.com\\\/blog\\\/\"},{\"@type\":\"ListItem\",\"position\":2,\"name\":\"Descargas de material did\u00e1ctico\"}]},{\"@type\":\"WebSite\",\"@id\":\"https:\\\/\\\/manualdetecnicafotografica.com\\\/blog\\\/#website\",\"url\":\"https:\\\/\\\/manualdetecnicafotografica.com\\\/blog\\\/\",\"name\":\"Iniciaci\u00f3n a la Fotograf\u00eda\",\"description\":\"Blog de Juan Ignacio Torres\",\"potentialAction\":[{\"@type\":\"SearchAction\",\"target\":{\"@type\":\"EntryPoint\",\"urlTemplate\":\"https:\\\/\\\/manualdetecnicafotografica.com\\\/blog\\\/?s={search_term_string}\"},\"query-input\":{\"@type\":\"PropertyValueSpecification\",\"valueRequired\":true,\"valueName\":\"search_term_string\"}}],\"inLanguage\":\"es\"}]}<\/script>\n<!-- \/ Yoast SEO plugin. -->","yoast_head_json":{"title":"Descargas de material did\u00e1ctico - Iniciaci\u00f3n a la Fotograf\u00eda","robots":{"index":"index","follow":"follow","max-snippet":"max-snippet:-1","max-image-preview":"max-image-preview:large","max-video-preview":"max-video-preview:-1"},"canonical":"https:\/\/manualdetecnicafotografica.com\/blog\/descargas-material-didactico\/","og_locale":"es_ES","og_type":"article","og_title":"Descargas de material did\u00e1ctico - Iniciaci\u00f3n a la Fotograf\u00eda","og_description":"En esta secci\u00f3n publicar\u00e9 material did\u00e1ctico que puedes descargar para seguir aprendiendo fotograf\u00eda. Libros, planillas, gu\u00edas y todo lo que tenga disponible. Antes de Aprender Fotograf\u00eda (gratis) Ebook de mi autor\u00eda en donde te introduzco al mundo de la fotograf\u00eda. Descargar aqu\u00ed Gu\u00eda de Poses Familiares (gratis) Poses de referencia para retratos de grupo. Extracto [&hellip;]","og_url":"https:\/\/manualdetecnicafotografica.com\/blog\/descargas-material-didactico\/","og_site_name":"Iniciaci\u00f3n a la Fotograf\u00eda","article_modified_time":"2024-12-27T16:33:46+00:00","og_image":[{"url":"https:\/\/manualdetecnicafotografica.com\/blog\/wp-content\/uploads\/2016\/04\/antes-aprender-fotografia-reflex-digital.jpg","type":"","width":"","height":""}],"twitter_card":"summary_large_image","twitter_misc":{"Tiempo de lectura":"2 minutos"},"schema":{"@context":"https:\/\/schema.org","@graph":[{"@type":"WebPage","@id":"https:\/\/manualdetecnicafotografica.com\/blog\/descargas-material-didactico\/","url":"https:\/\/manualdetecnicafotografica.com\/blog\/descargas-material-didactico\/","name":"Descargas de material did\u00e1ctico - Iniciaci\u00f3n a la Fotograf\u00eda","isPartOf":{"@id":"https:\/\/manualdetecnicafotografica.com\/blog\/#website"},"primaryImageOfPage":{"@id":"https:\/\/manualdetecnicafotografica.com\/blog\/descargas-material-didactico\/#primaryimage"},"image":{"@id":"https:\/\/manualdetecnicafotografica.com\/blog\/descargas-material-didactico\/#primaryimage"},"thumbnailUrl":"https:\/\/manualdetecnicafotografica.com\/blog\/wp-content\/uploads\/2016\/04\/antes-aprender-fotografia-reflex-digital.jpg","datePublished":"2016-05-17T14:34:18+00:00","dateModified":"2024-12-27T16:33:46+00:00","breadcrumb":{"@id":"https:\/\/manualdetecnicafotografica.com\/blog\/descargas-material-didactico\/#breadcrumb"},"inLanguage":"es","potentialAction":[{"@type":"ReadAction","target":["https:\/\/manualdetecnicafotografica.com\/blog\/descargas-material-didactico\/"]}]},{"@type":"ImageObject","inLanguage":"es","@id":"https:\/\/manualdetecnicafotografica.com\/blog\/descargas-material-didactico\/#primaryimage","url":"https:\/\/manualdetecnicafotografica.com\/blog\/wp-content\/uploads\/2016\/04\/antes-aprender-fotografia-reflex-digital.jpg","contentUrl":"https:\/\/manualdetecnicafotografica.com\/blog\/wp-content\/uploads\/2016\/04\/antes-aprender-fotografia-reflex-digital.jpg","width":280,"height":336},{"@type":"BreadcrumbList","@id":"https:\/\/manualdetecnicafotografica.com\/blog\/descargas-material-didactico\/#breadcrumb","itemListElement":[{"@type":"ListItem","position":1,"name":"Portada","item":"https:\/\/manualdetecnicafotografica.com\/blog\/"},{"@type":"ListItem","position":2,"name":"Descargas de material did\u00e1ctico"}]},{"@type":"WebSite","@id":"https:\/\/manualdetecnicafotografica.com\/blog\/#website","url":"https:\/\/manualdetecnicafotografica.com\/blog\/","name":"Iniciaci\u00f3n a la Fotograf\u00eda","description":"Blog de Juan Ignacio Torres","potentialAction":[{"@type":"SearchAction","target":{"@type":"EntryPoint","urlTemplate":"https:\/\/manualdetecnicafotografica.com\/blog\/?s={search_term_string}"},"query-input":{"@type":"PropertyValueSpecification","valueRequired":true,"valueName":"search_term_string"}}],"inLanguage":"es"}]}},"_links":{"self":[{"href":"https:\/\/manualdetecnicafotografica.com\/blog\/wp-json\/wp\/v2\/pages\/392","targetHints":{"allow":["GET"]}}],"collection":[{"href":"https:\/\/manualdetecnicafotografica.com\/blog\/wp-json\/wp\/v2\/pages"}],"about":[{"href":"https:\/\/manualdetecnicafotografica.com\/blog\/wp-json\/wp\/v2\/types\/page"}],"author":[{"embeddable":true,"href":"https:\/\/manualdetecnicafotografica.com\/blog\/wp-json\/wp\/v2\/users\/1"}],"replies":[{"embeddable":true,"href":"https:\/\/manualdetecnicafotografica.com\/blog\/wp-json\/wp\/v2\/comments?post=392"}],"version-history":[{"count":22,"href":"https:\/\/manualdetecnicafotografica.com\/blog\/wp-json\/wp\/v2\/pages\/392\/revisions"}],"predecessor-version":[{"id":4244,"href":"https:\/\/manualdetecnicafotografica.com\/blog\/wp-json\/wp\/v2\/pages\/392\/revisions\/4244"}],"wp:attachment":[{"href":"https:\/\/manualdetecnicafotografica.com\/blog\/wp-json\/wp\/v2\/media?parent=392"}],"curies":[{"name":"wp","href":"https:\/\/api.w.org\/{rel}","templated":true}]}}