{"id":3365,"date":"2024-05-03T13:52:36","date_gmt":"2024-05-03T16:52:36","guid":{"rendered":"https:\/\/manualdetecnicafotografica.com\/blog\/?page_id=3365"},"modified":"2025-01-21T17:08:45","modified_gmt":"2025-01-21T20:08:45","slug":"obten-el-libro-antes-de-aprender-fotografia-iniciacion-a-la-fotografia-juan-ignacio-torres","status":"publish","type":"page","link":"https:\/\/manualdetecnicafotografica.com\/blog\/obten-el-libro-antes-de-aprender-fotografia-iniciacion-a-la-fotografia-juan-ignacio-torres\/","title":{"rendered":"Obt\u00e9n el Libro Antes de Aprender Fotograf\u00eda &#8211; Iniciaci\u00f3n a la Fotograf\u00eda &#8211; Juan Ignacio Torres"},"content":{"rendered":"<p><span><img decoding=\"async\" alt=\"\" data-id=\"2846\" width=\"436\" data-init-width=\"436\" height=\"70\" data-init-height=\"70\" title=\"Email-Header-Image-transp\" loading=\"lazy\" src=\"https:\/\/manualdetecnicafotografica.com\/blog\/wp-content\/uploads\/2024\/05\/Email-Header-Image-transp.png\" data-width=\"436\" data-height=\"70\" style=\"aspect-ratio: auto 436 \/ 70;\"><\/span>[tcb-script async=\u00bb\u00bb defer=\u00bb\u00bb crossorigin=\u00bbanonymous\u00bb src=\u00bbhttps:\/\/connect.facebook.net\/es_LA\/sdk.js#xfbml=1&amp;version=v17.0&#8243; nonce=\u00bbfZaMsTCu\u00bb][\/tcb-script]<span style=\"vertical-align: bottom; width: 450px; height: 28px;\"><\/span><\/p>\n<h1 style=\"text-align: center;\"><strong><span style=\"\">DESCARGA EL LIBRO GRATIS<\/span><\/strong><\/h1>\n<p data-unit=\"px\" style=\"\"><strong>Obt\u00e9n orientaci\u00f3n experta e inicia tu aventura fotogr\u00e1fica de manera efectiva.<\/strong> Este eBook (formato PDF) es esencial para aquellos que est\u00e1n dando sus primeros pasos y proporciona la informaci\u00f3n necesaria para tomar decisiones informadas, evitando la frustraci\u00f3n tan com\u00fan en muchos principiantes.<\/p>\n<p><span><img decoding=\"async\" alt=\"\" data-id=\"3552\" width=\"240\" data-init-width=\"240\" height=\"340\" data-init-height=\"340\" title=\"LIBRO-GRATIS-ANTES240\" loading=\"lazy\" src=\"https:\/\/manualdetecnicafotografica.com\/blog\/wp-content\/uploads\/2024\/05\/LIBRO-GRATIS-ANTES240.jpg\" data-width=\"240\" data-height=\"340\" style=\"aspect-ratio: auto 240 \/ 340;\"><\/span><\/p>\n<h1 style=\"text-align: center;\"><strong><span>Ap\u00fantate debajo y recibe gratis este libro junto a informaci\u00f3n exclusiva para iniciarte en fotograf\u00eda<\/span><\/strong><\/h1>\n<p>[tcb-script id=\u00bbform-script-tag-16364446&#8243; src=\u00bbhttps:\/\/cursos.manualdetecnicafotografica.com\/public\/remote\/page\/257522120b6004584e0d2799d54abf8f00a349f1.js\u00bb][\/tcb-script]<\/p>\n<p style=\"text-align: center;\">Descarga 100% segura. Respetamos tu privacidad.<\/p>\n<h1 style=\"text-align: center;\"><strong><span>Las opiniones de los lectores:<\/span><\/strong><\/h1>\n<p>    [tcb-script](function(d, s, id) {    var js, fjs = d.getElementsByTagName(s)[0];    if (d.getElementById(id)) return;    js = d.createElement(s); js.id = id;    js.src = \u00ab\/\/connect.facebook.net\/es_LA\/sdk.js#xfbml=1&amp;version=v2.6\u00bb;    fjs.parentNode.insertBefore(js, fjs);}(document, &#8216;script&#8217;, &#8216;facebook-jssdk&#8217;));[\/tcb-script]<span style=\"vertical-align: bottom; width: 800px; height: 1601px;\"><\/span><\/p>\n<p style=\"font-size: 18px; margin-bottom: 35px; color: rgb(21, 21, 21);\">\n<p style=\"font-size: 14px; margin: 2px 0px;\">Copyright \u00a9 2012-2024 Iniciaci\u00f3n a la Fotograf\u00eda &#8211; Juan Ignacio Torres &#8211; Todos los Derechos Reservados<\/p>\n<p style=\"font-size: 14px; margin: 2px 0px;\"><a href=\"https:\/\/manualdetecnicafotografica.com\/blog\/\" target=\"_blank\" rel=\"noopener\"><span style=\"color: rgb(102, 102, 102) !important;\"><span style=\"font-family: Arial, Helvetica, sans-serif; --tcb-applied-color: rgb(102, 102, 102) !important;\">Ir al blog<\/span><\/span><\/a> &#8211; &nbsp;Cont\u00e1ctanos&nbsp;<a href=\"https:\/\/curso.maquinafotograficapro.com\/contacto\" rel=\"nofollow noopener\" target=\"_blank\" style=\"outline: none;\">desde aqu\u00ed.<\/a><\/p>\n<p style=\"margin: 2px 0px;\">Tomamos tu seguridad y privacidad muy en serio. Lee la&nbsp;<a href=\"https:\/\/curso.maquinafotograficapro.com\/terminos-y-condiciones\" target=\"_blank\" rel=\"nofollow noopener\" style=\"outline: none;\">Pol\u00edtica de Privacidad y T\u00e9rminos y Condiciones<\/a><\/p>\n","protected":false},"excerpt":{"rendered":"<p>[tcb-script async=\u00bb\u00bb defer=\u00bb\u00bb crossorigin=\u00bbanonymous\u00bb src=\u00bbhttps:\/\/connect.facebook.net\/es_LA\/sdk.js#xfbml=1&amp;version=v17.0&#8243; nonce=\u00bbfZaMsTCu\u00bb][\/tcb-script] DESCARGA EL LIBRO GRATIS Obt\u00e9n orientaci\u00f3n experta e inicia tu aventura fotogr\u00e1fica de manera efectiva. Este eBook (formato PDF) es esencial para aquellos que est\u00e1n dando sus primeros pasos y proporciona la informaci\u00f3n necesaria para tomar decisiones informadas, evitando la frustraci\u00f3n tan com\u00fan en muchos principiantes. Ap\u00fantate debajo y [&hellip;]<\/p>\n","protected":false},"author":1,"featured_media":0,"parent":0,"menu_order":0,"comment_status":"closed","ping_status":"closed","template":"","meta":{"_genesis_hide_title":false,"_genesis_hide_breadcrumbs":false,"_genesis_hide_singular_image":false,"_genesis_hide_footer_widgets":false,"_genesis_custom_body_class":"","_genesis_custom_post_class":"","_genesis_layout":"","_glsr_average":0,"_glsr_ranking":0,"_glsr_reviews":0,"footnotes":"","tve_updated_post":"","tve_custom_css":"","tve_user_custom_css":"","tve_globals":{},"tcb2_ready":1,"tcb_editor_enabled":1,"tve_landing_page":"copy_sales_page","_tve_header":"0","_tve_footer":"0"},"class_list":{"0":"post-3365","1":"page","2":"type-page","3":"status-publish","5":"entry"},"yoast_head":"<!-- This site is optimized with the Yoast SEO plugin v27.5 - https:\/\/yoast.com\/product\/yoast-seo-wordpress\/ -->\n<title>Obt\u00e9n el Libro Antes de Aprender Fotograf\u00eda - Iniciaci\u00f3n a la Fotograf\u00eda - Juan Ignacio Torres - Iniciaci\u00f3n a la Fotograf\u00eda<\/title>\n<meta name=\"robots\" content=\"index, follow, max-snippet:-1, max-image-preview:large, max-video-preview:-1\" \/>\n<link rel=\"canonical\" href=\"https:\/\/manualdetecnicafotografica.com\/blog\/obten-el-libro-antes-de-aprender-fotografia-iniciacion-a-la-fotografia-juan-ignacio-torres\/\" \/>\n<meta property=\"og:locale\" content=\"es_ES\" \/>\n<meta property=\"og:type\" content=\"article\" \/>\n<meta property=\"og:title\" content=\"Obt\u00e9n el Libro Antes de Aprender Fotograf\u00eda - Iniciaci\u00f3n a la Fotograf\u00eda - Juan Ignacio Torres - Iniciaci\u00f3n a la Fotograf\u00eda\" \/>\n<meta property=\"og:description\" content=\"[tcb-script async=\u00bb\u00bb defer=\u00bb\u00bb crossorigin=\u00bbanonymous\u00bb src=\u00bbhttps:\/\/connect.facebook.net\/es_LA\/sdk.js#xfbml=1&amp;version=v17.0&#8243; nonce=\u00bbfZaMsTCu\u00bb][\/tcb-script] DESCARGA EL LIBRO GRATIS Obt\u00e9n orientaci\u00f3n experta e inicia tu aventura fotogr\u00e1fica de manera efectiva. Este eBook (formato PDF) es esencial para aquellos que est\u00e1n dando sus primeros pasos y proporciona la informaci\u00f3n necesaria para tomar decisiones informadas, evitando la frustraci\u00f3n tan com\u00fan en muchos principiantes. Ap\u00fantate debajo y [&hellip;]\" \/>\n<meta property=\"og:url\" content=\"https:\/\/manualdetecnicafotografica.com\/blog\/obten-el-libro-antes-de-aprender-fotografia-iniciacion-a-la-fotografia-juan-ignacio-torres\/\" \/>\n<meta property=\"og:site_name\" content=\"Iniciaci\u00f3n a la Fotograf\u00eda\" \/>\n<meta property=\"article:modified_time\" content=\"2025-01-21T20:08:45+00:00\" \/>\n<meta property=\"og:image\" content=\"https:\/\/manualdetecnicafotografica.com\/blog\/wp-content\/uploads\/2024\/05\/Email-Header-Image-transp.png\" \/>\n<meta name=\"twitter:card\" content=\"summary_large_image\" \/>\n<meta name=\"twitter:label1\" content=\"Tiempo de lectura\" \/>\n\t<meta name=\"twitter:data1\" content=\"1 minuto\" \/>\n<script type=\"application\/ld+json\" class=\"yoast-schema-graph\">{\"@context\":\"https:\\\/\\\/schema.org\",\"@graph\":[{\"@type\":\"WebPage\",\"@id\":\"https:\\\/\\\/manualdetecnicafotografica.com\\\/blog\\\/obten-el-libro-antes-de-aprender-fotografia-iniciacion-a-la-fotografia-juan-ignacio-torres\\\/\",\"url\":\"https:\\\/\\\/manualdetecnicafotografica.com\\\/blog\\\/obten-el-libro-antes-de-aprender-fotografia-iniciacion-a-la-fotografia-juan-ignacio-torres\\\/\",\"name\":\"Obt\u00e9n el Libro Antes de Aprender Fotograf\u00eda - Iniciaci\u00f3n a la Fotograf\u00eda - Juan Ignacio Torres - Iniciaci\u00f3n a la Fotograf\u00eda\",\"isPartOf\":{\"@id\":\"https:\\\/\\\/manualdetecnicafotografica.com\\\/blog\\\/#website\"},\"primaryImageOfPage\":{\"@id\":\"https:\\\/\\\/manualdetecnicafotografica.com\\\/blog\\\/obten-el-libro-antes-de-aprender-fotografia-iniciacion-a-la-fotografia-juan-ignacio-torres\\\/#primaryimage\"},\"image\":{\"@id\":\"https:\\\/\\\/manualdetecnicafotografica.com\\\/blog\\\/obten-el-libro-antes-de-aprender-fotografia-iniciacion-a-la-fotografia-juan-ignacio-torres\\\/#primaryimage\"},\"thumbnailUrl\":\"https:\\\/\\\/manualdetecnicafotografica.com\\\/blog\\\/wp-content\\\/uploads\\\/2024\\\/05\\\/Email-Header-Image-transp.png\",\"datePublished\":\"2024-05-03T16:52:36+00:00\",\"dateModified\":\"2025-01-21T20:08:45+00:00\",\"breadcrumb\":{\"@id\":\"https:\\\/\\\/manualdetecnicafotografica.com\\\/blog\\\/obten-el-libro-antes-de-aprender-fotografia-iniciacion-a-la-fotografia-juan-ignacio-torres\\\/#breadcrumb\"},\"inLanguage\":\"es\",\"potentialAction\":[{\"@type\":\"ReadAction\",\"target\":[\"https:\\\/\\\/manualdetecnicafotografica.com\\\/blog\\\/obten-el-libro-antes-de-aprender-fotografia-iniciacion-a-la-fotografia-juan-ignacio-torres\\\/\"]}]},{\"@type\":\"ImageObject\",\"inLanguage\":\"es\",\"@id\":\"https:\\\/\\\/manualdetecnicafotografica.com\\\/blog\\\/obten-el-libro-antes-de-aprender-fotografia-iniciacion-a-la-fotografia-juan-ignacio-torres\\\/#primaryimage\",\"url\":\"https:\\\/\\\/manualdetecnicafotografica.com\\\/blog\\\/wp-content\\\/uploads\\\/2024\\\/05\\\/Email-Header-Image-transp.png\",\"contentUrl\":\"https:\\\/\\\/manualdetecnicafotografica.com\\\/blog\\\/wp-content\\\/uploads\\\/2024\\\/05\\\/Email-Header-Image-transp.png\",\"width\":436,\"height\":70},{\"@type\":\"BreadcrumbList\",\"@id\":\"https:\\\/\\\/manualdetecnicafotografica.com\\\/blog\\\/obten-el-libro-antes-de-aprender-fotografia-iniciacion-a-la-fotografia-juan-ignacio-torres\\\/#breadcrumb\",\"itemListElement\":[{\"@type\":\"ListItem\",\"position\":1,\"name\":\"Portada\",\"item\":\"https:\\\/\\\/manualdetecnicafotografica.com\\\/blog\\\/\"},{\"@type\":\"ListItem\",\"position\":2,\"name\":\"Obt\u00e9n el Libro Antes de Aprender Fotograf\u00eda &#8211; Iniciaci\u00f3n a la Fotograf\u00eda &#8211; Juan Ignacio Torres\"}]},{\"@type\":\"WebSite\",\"@id\":\"https:\\\/\\\/manualdetecnicafotografica.com\\\/blog\\\/#website\",\"url\":\"https:\\\/\\\/manualdetecnicafotografica.com\\\/blog\\\/\",\"name\":\"Iniciaci\u00f3n a la Fotograf\u00eda\",\"description\":\"Blog de Juan Ignacio Torres\",\"potentialAction\":[{\"@type\":\"SearchAction\",\"target\":{\"@type\":\"EntryPoint\",\"urlTemplate\":\"https:\\\/\\\/manualdetecnicafotografica.com\\\/blog\\\/?s={search_term_string}\"},\"query-input\":{\"@type\":\"PropertyValueSpecification\",\"valueRequired\":true,\"valueName\":\"search_term_string\"}}],\"inLanguage\":\"es\"}]}<\/script>\n<!-- \/ Yoast SEO plugin. -->","yoast_head_json":{"title":"Obt\u00e9n el Libro Antes de Aprender Fotograf\u00eda - Iniciaci\u00f3n a la Fotograf\u00eda - Juan Ignacio Torres - Iniciaci\u00f3n a la Fotograf\u00eda","robots":{"index":"index","follow":"follow","max-snippet":"max-snippet:-1","max-image-preview":"max-image-preview:large","max-video-preview":"max-video-preview:-1"},"canonical":"https:\/\/manualdetecnicafotografica.com\/blog\/obten-el-libro-antes-de-aprender-fotografia-iniciacion-a-la-fotografia-juan-ignacio-torres\/","og_locale":"es_ES","og_type":"article","og_title":"Obt\u00e9n el Libro Antes de Aprender Fotograf\u00eda - Iniciaci\u00f3n a la Fotograf\u00eda - Juan Ignacio Torres - Iniciaci\u00f3n a la Fotograf\u00eda","og_description":"[tcb-script async=\u00bb\u00bb defer=\u00bb\u00bb crossorigin=\u00bbanonymous\u00bb src=\u00bbhttps:\/\/connect.facebook.net\/es_LA\/sdk.js#xfbml=1&amp;version=v17.0&#8243; nonce=\u00bbfZaMsTCu\u00bb][\/tcb-script] DESCARGA EL LIBRO GRATIS Obt\u00e9n orientaci\u00f3n experta e inicia tu aventura fotogr\u00e1fica de manera efectiva. Este eBook (formato PDF) es esencial para aquellos que est\u00e1n dando sus primeros pasos y proporciona la informaci\u00f3n necesaria para tomar decisiones informadas, evitando la frustraci\u00f3n tan com\u00fan en muchos principiantes. Ap\u00fantate debajo y [&hellip;]","og_url":"https:\/\/manualdetecnicafotografica.com\/blog\/obten-el-libro-antes-de-aprender-fotografia-iniciacion-a-la-fotografia-juan-ignacio-torres\/","og_site_name":"Iniciaci\u00f3n a la Fotograf\u00eda","article_modified_time":"2025-01-21T20:08:45+00:00","og_image":[{"url":"https:\/\/manualdetecnicafotografica.com\/blog\/wp-content\/uploads\/2024\/05\/Email-Header-Image-transp.png","type":"","width":"","height":""}],"twitter_card":"summary_large_image","twitter_misc":{"Tiempo de lectura":"1 minuto"},"schema":{"@context":"https:\/\/schema.org","@graph":[{"@type":"WebPage","@id":"https:\/\/manualdetecnicafotografica.com\/blog\/obten-el-libro-antes-de-aprender-fotografia-iniciacion-a-la-fotografia-juan-ignacio-torres\/","url":"https:\/\/manualdetecnicafotografica.com\/blog\/obten-el-libro-antes-de-aprender-fotografia-iniciacion-a-la-fotografia-juan-ignacio-torres\/","name":"Obt\u00e9n el Libro Antes de Aprender Fotograf\u00eda - Iniciaci\u00f3n a la Fotograf\u00eda - Juan Ignacio Torres - Iniciaci\u00f3n a la Fotograf\u00eda","isPartOf":{"@id":"https:\/\/manualdetecnicafotografica.com\/blog\/#website"},"primaryImageOfPage":{"@id":"https:\/\/manualdetecnicafotografica.com\/blog\/obten-el-libro-antes-de-aprender-fotografia-iniciacion-a-la-fotografia-juan-ignacio-torres\/#primaryimage"},"image":{"@id":"https:\/\/manualdetecnicafotografica.com\/blog\/obten-el-libro-antes-de-aprender-fotografia-iniciacion-a-la-fotografia-juan-ignacio-torres\/#primaryimage"},"thumbnailUrl":"https:\/\/manualdetecnicafotografica.com\/blog\/wp-content\/uploads\/2024\/05\/Email-Header-Image-transp.png","datePublished":"2024-05-03T16:52:36+00:00","dateModified":"2025-01-21T20:08:45+00:00","breadcrumb":{"@id":"https:\/\/manualdetecnicafotografica.com\/blog\/obten-el-libro-antes-de-aprender-fotografia-iniciacion-a-la-fotografia-juan-ignacio-torres\/#breadcrumb"},"inLanguage":"es","potentialAction":[{"@type":"ReadAction","target":["https:\/\/manualdetecnicafotografica.com\/blog\/obten-el-libro-antes-de-aprender-fotografia-iniciacion-a-la-fotografia-juan-ignacio-torres\/"]}]},{"@type":"ImageObject","inLanguage":"es","@id":"https:\/\/manualdetecnicafotografica.com\/blog\/obten-el-libro-antes-de-aprender-fotografia-iniciacion-a-la-fotografia-juan-ignacio-torres\/#primaryimage","url":"https:\/\/manualdetecnicafotografica.com\/blog\/wp-content\/uploads\/2024\/05\/Email-Header-Image-transp.png","contentUrl":"https:\/\/manualdetecnicafotografica.com\/blog\/wp-content\/uploads\/2024\/05\/Email-Header-Image-transp.png","width":436,"height":70},{"@type":"BreadcrumbList","@id":"https:\/\/manualdetecnicafotografica.com\/blog\/obten-el-libro-antes-de-aprender-fotografia-iniciacion-a-la-fotografia-juan-ignacio-torres\/#breadcrumb","itemListElement":[{"@type":"ListItem","position":1,"name":"Portada","item":"https:\/\/manualdetecnicafotografica.com\/blog\/"},{"@type":"ListItem","position":2,"name":"Obt\u00e9n el Libro Antes de Aprender Fotograf\u00eda &#8211; Iniciaci\u00f3n a la Fotograf\u00eda &#8211; Juan Ignacio Torres"}]},{"@type":"WebSite","@id":"https:\/\/manualdetecnicafotografica.com\/blog\/#website","url":"https:\/\/manualdetecnicafotografica.com\/blog\/","name":"Iniciaci\u00f3n a la Fotograf\u00eda","description":"Blog de Juan Ignacio Torres","potentialAction":[{"@type":"SearchAction","target":{"@type":"EntryPoint","urlTemplate":"https:\/\/manualdetecnicafotografica.com\/blog\/?s={search_term_string}"},"query-input":{"@type":"PropertyValueSpecification","valueRequired":true,"valueName":"search_term_string"}}],"inLanguage":"es"}]}},"_links":{"self":[{"href":"https:\/\/manualdetecnicafotografica.com\/blog\/wp-json\/wp\/v2\/pages\/3365","targetHints":{"allow":["GET"]}}],"collection":[{"href":"https:\/\/manualdetecnicafotografica.com\/blog\/wp-json\/wp\/v2\/pages"}],"about":[{"href":"https:\/\/manualdetecnicafotografica.com\/blog\/wp-json\/wp\/v2\/types\/page"}],"author":[{"embeddable":true,"href":"https:\/\/manualdetecnicafotografica.com\/blog\/wp-json\/wp\/v2\/users\/1"}],"replies":[{"embeddable":true,"href":"https:\/\/manualdetecnicafotografica.com\/blog\/wp-json\/wp\/v2\/comments?post=3365"}],"version-history":[{"count":32,"href":"https:\/\/manualdetecnicafotografica.com\/blog\/wp-json\/wp\/v2\/pages\/3365\/revisions"}],"predecessor-version":[{"id":4250,"href":"https:\/\/manualdetecnicafotografica.com\/blog\/wp-json\/wp\/v2\/pages\/3365\/revisions\/4250"}],"wp:attachment":[{"href":"https:\/\/manualdetecnicafotografica.com\/blog\/wp-json\/wp\/v2\/media?parent=3365"}],"curies":[{"name":"wp","href":"https:\/\/api.w.org\/{rel}","templated":true}]}}