{"id":1675,"date":"2020-05-08T15:41:10","date_gmt":"2020-05-08T15:41:10","guid":{"rendered":"https:\/\/manualdetecnicafotografica.com\/blog\/?page_id=1675"},"modified":"2020-05-08T15:41:10","modified_gmt":"2020-05-08T15:41:10","slug":"terminos-y-condiciones","status":"publish","type":"page","link":"https:\/\/manualdetecnicafotografica.com\/blog\/terminos-y-condiciones\/","title":{"rendered":"T\u00e9rminos y Condiciones"},"content":{"rendered":"<p>\u00daltima actualizaci\u00f3n: 8 de mayo de 2020<\/p>\n<p>Lea estos t\u00e9rminos y condiciones detenidamente antes de utilizar nuestro servicio.<\/p>\n<h3>Interpretaci\u00f3n y definiciones<\/h3>\n<p><strong>Interpretaci\u00f3n<\/strong><br \/>\nLas palabras cuya letra inicial est\u00e1 en may\u00fascula tienen significados definidos bajo las siguientes condiciones.<\/p>\n<p>Las siguientes definiciones tendr\u00e1n el mismo significado independientemente de si aparecen en singular o en plural.<\/p>\n<p><strong>Definiciones<\/strong><br \/>\nA los fines de estos T\u00e9rminos y condiciones:<\/p>\n<p>Afiliado significa una entidad que controla, est\u00e1 controlada o est\u00e1 bajo el control com\u00fan de una parte, donde \u00abcontrol\u00bb significa la propiedad del 50% o m\u00e1s de las acciones, intereses patrimoniales u otros valores con derecho a voto para la elecci\u00f3n de directores u otra autoridad administrativa .<\/p>\n<p>Compa\u00f1\u00eda (referida como \u00abla Compa\u00f1\u00eda\u00bb, \u00abNosotros\u00bb, \u00abNosotros\u00bb o \u00abNuestro\u00bb en este Acuerdo) se refiere al Blog de Juan Ignacio Torres.<\/p>\n<p>Pa\u00eds se refiere a: Argentina<\/p>\n<p>Dispositivo significa cualquier dispositivo que pueda acceder al Servicio, como una computadora, un tel\u00e9fono celular o una tableta digital.<\/p>\n<p>El servicio se refiere al sitio web.<\/p>\n<p>Los T\u00e9rminos y Condiciones (tambi\u00e9n conocidos como \u00abT\u00e9rminos\u00bb) se refieren a estos T\u00e9rminos y Condiciones que forman el acuerdo completo entre Usted y la Compa\u00f1\u00eda con respecto al uso del Servicio. Este acuerdo de T\u00e9rminos y Condiciones ha sido creado con la ayuda del Generador de T\u00e9rminos y Condiciones https:\/\/www.termsfeed.com\/.<\/p>\n<p>El Servicio de medios sociales de terceros se refiere a cualquier servicio o contenido (incluidos datos, informaci\u00f3n, productos o servicios) prestados por un tercero que el Servicio puede mostrar, incluir o poner a disposici\u00f3n.<\/p>\n<p>El sitio web se refiere al Blog de Juan Ignacio Torres, accesible desde https:\/\/manualdetecnicafotografica.com\/blog\/<\/p>\n<p>Usted se refiere a la persona que accede o utiliza el Servicio, o la compa\u00f1\u00eda u otra entidad legal en nombre de la cual dicha persona accede o utiliza el Servicio, seg\u00fan corresponda.<\/p>\n<p><strong>Reconocimiento<\/strong><br \/>\nEstos son los T\u00e9rminos y condiciones que rigen el uso de este Servicio y el acuerdo que opera entre Usted y la Compa\u00f1\u00eda. Estos T\u00e9rminos y Condiciones establecen los derechos y obligaciones de todos los usuarios con respecto al uso del Servicio.<\/p>\n<p>Su acceso y uso del Servicio est\u00e1 condicionado a Su aceptaci\u00f3n y cumplimiento de estos T\u00e9rminos y Condiciones. Estos T\u00e9rminos y Condiciones se aplican a todos los visitantes, usuarios y otras personas que acceden o utilizan el Servicio.<\/p>\n<p>Al acceder o utilizar el Servicio, usted acepta estar sujeto a estos T\u00e9rminos y condiciones. Si no est\u00e1 de acuerdo con alguna parte de estos T\u00e9rminos y condiciones, no podr\u00e1 acceder al Servicio.<\/p>\n<p>Usted declara que es mayor de 18 a\u00f1os. La Compa\u00f1\u00eda no permite que los menores de 18 a\u00f1os utilicen el Servicio.<\/p>\n<p>Su acceso y uso del Servicio tambi\u00e9n est\u00e1 condicionado a Su aceptaci\u00f3n y cumplimiento de la Pol\u00edtica de privacidad de la Compa\u00f1\u00eda. Nuestra Pol\u00edtica de privacidad describe nuestras pol\u00edticas y procedimientos sobre la recopilaci\u00f3n, uso y divulgaci\u00f3n de su informaci\u00f3n personal cuando utiliza la aplicaci\u00f3n o el sitio web y le informa sobre sus derechos de privacidad y c\u00f3mo la ley lo protege. Lea detenidamente nuestra <a href=\"https:\/\/manualdetecnicafotografica.com\/blog\/politica-de-privacidad\/\">Pol\u00edtica de privacidad<\/a> antes de utilizar Nuestro servicio.<\/p>\n<p><strong>Enlaces a otros sitios web<\/strong><br \/>\nNuestro Servicio puede contener enlaces a sitios web o servicios de terceros que no son propiedad ni est\u00e1n controlados por la Compa\u00f1\u00eda.<\/p>\n<p>La Compa\u00f1\u00eda no tiene control ni asume responsabilidad por el contenido, las pol\u00edticas de privacidad o las pr\u00e1cticas de sitios web o servicios de terceros. Adem\u00e1s, reconoce y acepta que la Compa\u00f1\u00eda no ser\u00e1 responsable, directa o indirectamente, de ning\u00fan da\u00f1o o p\u00e9rdida causada o presuntamente causada por o en relaci\u00f3n con el uso o la dependencia de dicho contenido, bienes o servicios disponibles en o a trav\u00e9s de dichos sitios web o servicios.<\/p>\n<p>Le recomendamos encarecidamente que lea los t\u00e9rminos y condiciones y las pol\u00edticas de privacidad de los sitios web o servicios de terceros que visite.<\/p>\n<p><strong>Terminaci\u00f3n<\/strong><br \/>\nPodemos rescindir o suspender su acceso de inmediato, sin previo aviso o responsabilidad, por cualquier motivo, incluso sin limitaci\u00f3n si usted incumple estos T\u00e9rminos y condiciones.<\/p>\n<p>Al finalizar, su derecho a usar el Servicio cesar\u00e1 de inmediato.<\/p>\n<p><strong>Limitaci\u00f3n de responsabilidad<\/strong><br \/>\nA pesar de los da\u00f1os en los que pueda incurrir, la responsabilidad total de la Compa\u00f1\u00eda y de cualquiera de sus proveedores bajo cualquier disposici\u00f3n de estos T\u00e9rminos y Su remedio exclusivo para todo lo anterior se limitar\u00e1 al monto realmente pagado por Usted a trav\u00e9s del Servicio o 100 USD Si no ha comprado nada a trav\u00e9s del Servicio.<\/p>\n<p>En la m\u00e1xima medida permitida por la ley aplicable, en ning\u00fan caso la Compa\u00f1\u00eda o sus proveedores ser\u00e1n responsables de ning\u00fan da\u00f1o especial, incidental, indirecto o consecuente de ning\u00fan tipo (incluidos, entre otros, da\u00f1os por p\u00e9rdida de ganancias, p\u00e9rdida de datos o otra informaci\u00f3n, por interrupci\u00f3n del negocio, por lesiones personales, p\u00e9rdida de privacidad que surja de o est\u00e9 relacionada de alguna manera con el uso o la imposibilidad de usar el Servicio, el software y \/ o hardware de terceros utilizados con el Servicio, o de lo contrario en relaci\u00f3n con cualquier disposici\u00f3n de estos T\u00e9rminos), incluso si la Compa\u00f1\u00eda o cualquier proveedor ha sido informado de la posibilidad de tales da\u00f1os e incluso si el remedio no cumple con su prop\u00f3sito esencial.<\/p>\n<p>Algunos estados no permiten la exclusi\u00f3n de garant\u00edas impl\u00edcitas o la limitaci\u00f3n de responsabilidad por da\u00f1os incidentales o consecuentes, lo que significa que algunas de las limitaciones anteriores pueden no aplicarse. En estos estados, la responsabilidad de cada parte estar\u00e1 limitada en la mayor medida permitida por la ley.<\/p>\n<p><strong>Descargo de responsabilidad \u00abTAL CUAL ES\u00bb y \u00abSEG\u00daN DISPONIBILIDAD\u00bb<\/strong><br \/>\nEl Servicio se le proporciona \u00abTAL CUAL ES\u00bb y \u00abSEG\u00daN DISPONIBILIDAD\u00bb y con todas las fallas y defectos sin garant\u00eda de ning\u00fan tipo. En la m\u00e1xima medida permitida por la ley aplicable, la Compa\u00f1\u00eda, en su propio nombre y en nombre de sus Afiliados y sus respectivos licenciantes y proveedores de servicios, renuncia expresamente a todas las garant\u00edas, ya sean expresas, impl\u00edcitas, legales o de otro tipo, con respecto alServicio, incluidas todas las garant\u00edas impl\u00edcitas de comerciabilidad, idoneidad para un prop\u00f3sito particular, t\u00edtulo y no infracci\u00f3n, y garant\u00edas que pueden surgir fuera del curso, el curso del desempe\u00f1o, el uso o la pr\u00e1ctica comercial. Sin limitaci\u00f3n a lo anterior, la Compa\u00f1\u00eda no ofrece garant\u00eda ni compromiso, y no hace ninguna declaraci\u00f3n de que el Servicio cumpla con Sus requisitos, logre los resultados deseados, sea compatible o funcione con cualquier otro software, aplicaciones, sistemas o servicios, opere sin interrupci\u00f3n, cumpla con los est\u00e1ndares de desempe\u00f1o o confiabilidad o est\u00e9 libre de errores o que cualquier error o defecto pueda o sea corregido.<\/p>\n<p>Sin limitar lo anterior, ni la Compa\u00f1\u00eda ni ninguno de los proveedores de la compa\u00f1\u00eda hacen ninguna representaci\u00f3n o garant\u00eda de ning\u00fan tipo, expresa o impl\u00edcita: (i) en cuanto a la operaci\u00f3n o disponibilidad del Servicio, o la informaci\u00f3n, contenido y materiales o productos incluido al respecto; (ii) que el Servicio ser\u00e1 ininterrumpido o sin errores; (iii) en cuanto a la precisi\u00f3n, fiabilidad o vigencia de cualquier informaci\u00f3n o contenido proporcionado a trav\u00e9s del Servicio; o (iv) que el Servicio, sus servidores, el contenido o los correos electr\u00f3nicos enviados desde o en nombre de la Compa\u00f1\u00eda est\u00e1n libres de virus, scripts, troyanos, gusanos, malware, bombas de relojer\u00eda u otros componentes da\u00f1inos.<\/p>\n<p>Algunas jurisdicciones no permiten la exclusi\u00f3n de ciertos tipos de garant\u00edas o limitaciones sobre los derechos legales aplicables de un consumidor, por lo que algunas o todas las exclusiones y limitaciones anteriores pueden no aplicarse a usted. Pero en tal caso, las exclusiones y limitaciones establecidas en esta secci\u00f3n se aplicar\u00e1n en la mayor medida exigible seg\u00fan la ley aplicable.<\/p>\n<p><strong>Ley que rige<\/strong><br \/>\nLas leyes del pa\u00eds, excluyendo sus conflictos de leyes, regir\u00e1n estos T\u00e9rminos y su uso del Servicio. Su uso de la Aplicaci\u00f3n tambi\u00e9n puede estar sujeto a otras leyes locales, estatales, nacionales o internacionales.<\/p>\n<p><strong>Resoluci\u00f3n de disputas<\/strong><br \/>\nSi tiene alguna inquietud o disputa sobre el Servicio, acepta primero intentar resolver la disputa de manera informal contactando a la Compa\u00f1\u00eda.<\/p>\n<blockquote class=\"wp-embedded-content\" data-secret=\"4hmJ9sl5Pk\"><p><a href=\"https:\/\/manualdetecnicafotografica.com\/blog\/contacto\/\">Contacto<\/a><\/p><\/blockquote>\n<p><iframe loading=\"lazy\" class=\"wp-embedded-content\" sandbox=\"allow-scripts\" security=\"restricted\" style=\"position: absolute; clip: rect(1px, 1px, 1px, 1px);\" title=\"\u00abContacto\u00bb \u2014 Iniciaci\u00f3n Pr\u00e1ctica a la Fotograf\u00eda Digital\" src=\"https:\/\/manualdetecnicafotografica.com\/blog\/contacto\/embed\/#?secret=tXpCMER2zN#?secret=4hmJ9sl5Pk\" data-secret=\"4hmJ9sl5Pk\" width=\"500\" height=\"282\" frameborder=\"0\" marginwidth=\"0\" marginheight=\"0\" scrolling=\"no\"><\/iframe><\/p>\n<p><strong>Para usuarios de la Uni\u00f3n Europea (UE)<\/strong><br \/>\nSi usted es un consumidor de la Uni\u00f3n Europea, se beneficiar\u00e1 de las disposiciones obligatorias de la ley del pa\u00eds en el que reside.<\/p>\n<p><strong>Cumplimiento legal de los Estados Unidos<\/strong><br \/>\nUsted declara y garantiza que (i) No est\u00e1 ubicado en un pa\u00eds que est\u00e1 sujeto al embargo del gobierno de los Estados Unidos, o que ha sido designado por el gobierno de los Estados Unidos como un pa\u00eds de \u00abapoyo terrorista\u00bb, y (ii) No est\u00e1 enumerado en cualquier lista del gobierno de los Estados Unidos de partes prohibidas o restringidas.<\/p>\n<h3>Divisibilidad y renuncia<\/h3>\n<p><strong>Divisibilidad<\/strong><br \/>\nSi alguna disposici\u00f3n de estos T\u00e9rminos se considera inaplicable o inv\u00e1lida, dicha disposici\u00f3n se cambiar\u00e1 e interpretar\u00e1 para cumplir los objetivos de dicha disposici\u00f3n en la mayor medida posible seg\u00fan la ley aplicable y las disposiciones restantes continuar\u00e1n en pleno vigor y efecto.<\/p>\n<p><strong>Renuncia<\/strong><br \/>\nSalvo lo dispuesto en este documento, la falta de ejercicio de un derecho o de exigir el cumplimiento de una obligaci\u00f3n en virtud de estos T\u00e9rminos no afectar\u00e1 la capacidad de una parte para ejercer dicho derecho o exigir tal cumplimiento en cualquier momento posterior, ni ser\u00e1 la renuncia de una violaci\u00f3n constituir una renuncia de cualquier incumplimiento posterior.<\/p>\n<p><strong>Interpretaci\u00f3n de traducci\u00f3n<\/strong><br \/>\nEstos T\u00e9rminos y Condiciones pueden haberse traducido si los hemos puesto a su disposici\u00f3n en nuestro Servicio. Usted acepta que el texto original en ingl\u00e9s prevalecer\u00e1 en caso de disputa.<\/p>\n<p><strong>Cambios a estos t\u00e9rminos y condiciones<\/strong><br \/>\nNos reservamos el derecho, a nuestro exclusivo criterio, de modificar o reemplazar estos T\u00e9rminos en cualquier momento. Si una revisi\u00f3n es material haremos todos los esfuerzos razonables para notificar al menos 30 d\u00edas antes de que entren en vigencia los nuevos t\u00e9rminos. Lo que constituye un cambio material se determinar\u00e1 a nuestro exclusivo criterio.<\/p>\n<p>Al continuar accediendo o utilizando nuestro Servicio despu\u00e9s de que esas revisiones entren en vigencia, usted acepta estar sujeto a los t\u00e9rminos revisados. Si no est\u00e1 de acuerdo con los nuevos t\u00e9rminos, en su totalidad o en parte, deje de usar el sitio web y el Servicio.<\/p>\n<p><strong>Cont\u00e1ctenos<\/strong><br \/>\nSi tiene alguna pregunta sobre estos T\u00e9rminos y condiciones, puede contactarnos:<\/p>\n<p>Por correo electr\u00f3nico: info\u00a0 @\u00a0 manualdetecnicafotografica.com (sin espacios).<\/p>\n<p>Al visitar esta p\u00e1gina en nuestro sitio web: https:\/\/manualdetecnicafotografica.com\/blog\/contacto\/<\/p>\n","protected":false},"excerpt":{"rendered":"<p>\u00daltima actualizaci\u00f3n: 8 de mayo de 2020 Lea estos t\u00e9rminos y condiciones detenidamente antes de utilizar nuestro servicio. Interpretaci\u00f3n y definiciones Interpretaci\u00f3n Las palabras cuya letra inicial est\u00e1 en may\u00fascula tienen significados definidos bajo las siguientes condiciones. Las siguientes definiciones tendr\u00e1n el mismo significado independientemente de si aparecen en singular o en plural. Definiciones A [&hellip;]<\/p>\n","protected":false},"author":1,"featured_media":0,"parent":0,"menu_order":0,"comment_status":"closed","ping_status":"closed","template":"","meta":{"_genesis_hide_title":false,"_genesis_hide_breadcrumbs":false,"_genesis_hide_singular_image":false,"_genesis_hide_footer_widgets":false,"_genesis_custom_body_class":"","_genesis_custom_post_class":"","_genesis_layout":"","_glsr_average":0,"_glsr_ranking":0,"_glsr_reviews":0,"footnotes":"","tve_updated_post":"","tve_custom_css":"","tve_user_custom_css":"","tve_globals":{},"tcb2_ready":0,"tcb_editor_enabled":0,"tve_landing_page":"","_tve_header":"","_tve_footer":""},"class_list":{"0":"post-1675","1":"page","2":"type-page","3":"status-publish","5":"entry"},"yoast_head":"<!-- This site is optimized with the Yoast SEO plugin v27.5 - https:\/\/yoast.com\/product\/yoast-seo-wordpress\/ -->\n<title>T\u00e9rminos y Condiciones - Iniciaci\u00f3n a la Fotograf\u00eda<\/title>\n<meta name=\"robots\" content=\"index, follow, max-snippet:-1, max-image-preview:large, max-video-preview:-1\" \/>\n<link rel=\"canonical\" href=\"https:\/\/manualdetecnicafotografica.com\/blog\/terminos-y-condiciones\/\" \/>\n<meta property=\"og:locale\" content=\"es_ES\" \/>\n<meta property=\"og:type\" content=\"article\" \/>\n<meta property=\"og:title\" content=\"T\u00e9rminos y Condiciones - Iniciaci\u00f3n a la Fotograf\u00eda\" \/>\n<meta property=\"og:description\" content=\"\u00daltima actualizaci\u00f3n: 8 de mayo de 2020 Lea estos t\u00e9rminos y condiciones detenidamente antes de utilizar nuestro servicio. Interpretaci\u00f3n y definiciones Interpretaci\u00f3n Las palabras cuya letra inicial est\u00e1 en may\u00fascula tienen significados definidos bajo las siguientes condiciones. Las siguientes definiciones tendr\u00e1n el mismo significado independientemente de si aparecen en singular o en plural. Definiciones A [&hellip;]\" \/>\n<meta property=\"og:url\" content=\"https:\/\/manualdetecnicafotografica.com\/blog\/terminos-y-condiciones\/\" \/>\n<meta property=\"og:site_name\" content=\"Iniciaci\u00f3n a la Fotograf\u00eda\" \/>\n<meta name=\"twitter:card\" content=\"summary_large_image\" \/>\n<meta name=\"twitter:label1\" content=\"Tiempo de lectura\" \/>\n\t<meta name=\"twitter:data1\" content=\"9 minutos\" \/>\n<script type=\"application\/ld+json\" class=\"yoast-schema-graph\">{\"@context\":\"https:\\\/\\\/schema.org\",\"@graph\":[{\"@type\":\"WebPage\",\"@id\":\"https:\\\/\\\/manualdetecnicafotografica.com\\\/blog\\\/terminos-y-condiciones\\\/\",\"url\":\"https:\\\/\\\/manualdetecnicafotografica.com\\\/blog\\\/terminos-y-condiciones\\\/\",\"name\":\"T\u00e9rminos y Condiciones - Iniciaci\u00f3n a la Fotograf\u00eda\",\"isPartOf\":{\"@id\":\"https:\\\/\\\/manualdetecnicafotografica.com\\\/blog\\\/#website\"},\"datePublished\":\"2020-05-08T15:41:10+00:00\",\"breadcrumb\":{\"@id\":\"https:\\\/\\\/manualdetecnicafotografica.com\\\/blog\\\/terminos-y-condiciones\\\/#breadcrumb\"},\"inLanguage\":\"es\",\"potentialAction\":[{\"@type\":\"ReadAction\",\"target\":[\"https:\\\/\\\/manualdetecnicafotografica.com\\\/blog\\\/terminos-y-condiciones\\\/\"]}]},{\"@type\":\"BreadcrumbList\",\"@id\":\"https:\\\/\\\/manualdetecnicafotografica.com\\\/blog\\\/terminos-y-condiciones\\\/#breadcrumb\",\"itemListElement\":[{\"@type\":\"ListItem\",\"position\":1,\"name\":\"Portada\",\"item\":\"https:\\\/\\\/manualdetecnicafotografica.com\\\/blog\\\/\"},{\"@type\":\"ListItem\",\"position\":2,\"name\":\"T\u00e9rminos y Condiciones\"}]},{\"@type\":\"WebSite\",\"@id\":\"https:\\\/\\\/manualdetecnicafotografica.com\\\/blog\\\/#website\",\"url\":\"https:\\\/\\\/manualdetecnicafotografica.com\\\/blog\\\/\",\"name\":\"Iniciaci\u00f3n a la Fotograf\u00eda\",\"description\":\"Blog de Juan Ignacio Torres\",\"potentialAction\":[{\"@type\":\"SearchAction\",\"target\":{\"@type\":\"EntryPoint\",\"urlTemplate\":\"https:\\\/\\\/manualdetecnicafotografica.com\\\/blog\\\/?s={search_term_string}\"},\"query-input\":{\"@type\":\"PropertyValueSpecification\",\"valueRequired\":true,\"valueName\":\"search_term_string\"}}],\"inLanguage\":\"es\"}]}<\/script>\n<!-- \/ Yoast SEO plugin. -->","yoast_head_json":{"title":"T\u00e9rminos y Condiciones - Iniciaci\u00f3n a la Fotograf\u00eda","robots":{"index":"index","follow":"follow","max-snippet":"max-snippet:-1","max-image-preview":"max-image-preview:large","max-video-preview":"max-video-preview:-1"},"canonical":"https:\/\/manualdetecnicafotografica.com\/blog\/terminos-y-condiciones\/","og_locale":"es_ES","og_type":"article","og_title":"T\u00e9rminos y Condiciones - Iniciaci\u00f3n a la Fotograf\u00eda","og_description":"\u00daltima actualizaci\u00f3n: 8 de mayo de 2020 Lea estos t\u00e9rminos y condiciones detenidamente antes de utilizar nuestro servicio. Interpretaci\u00f3n y definiciones Interpretaci\u00f3n Las palabras cuya letra inicial est\u00e1 en may\u00fascula tienen significados definidos bajo las siguientes condiciones. Las siguientes definiciones tendr\u00e1n el mismo significado independientemente de si aparecen en singular o en plural. Definiciones A [&hellip;]","og_url":"https:\/\/manualdetecnicafotografica.com\/blog\/terminos-y-condiciones\/","og_site_name":"Iniciaci\u00f3n a la Fotograf\u00eda","twitter_card":"summary_large_image","twitter_misc":{"Tiempo de lectura":"9 minutos"},"schema":{"@context":"https:\/\/schema.org","@graph":[{"@type":"WebPage","@id":"https:\/\/manualdetecnicafotografica.com\/blog\/terminos-y-condiciones\/","url":"https:\/\/manualdetecnicafotografica.com\/blog\/terminos-y-condiciones\/","name":"T\u00e9rminos y Condiciones - Iniciaci\u00f3n a la Fotograf\u00eda","isPartOf":{"@id":"https:\/\/manualdetecnicafotografica.com\/blog\/#website"},"datePublished":"2020-05-08T15:41:10+00:00","breadcrumb":{"@id":"https:\/\/manualdetecnicafotografica.com\/blog\/terminos-y-condiciones\/#breadcrumb"},"inLanguage":"es","potentialAction":[{"@type":"ReadAction","target":["https:\/\/manualdetecnicafotografica.com\/blog\/terminos-y-condiciones\/"]}]},{"@type":"BreadcrumbList","@id":"https:\/\/manualdetecnicafotografica.com\/blog\/terminos-y-condiciones\/#breadcrumb","itemListElement":[{"@type":"ListItem","position":1,"name":"Portada","item":"https:\/\/manualdetecnicafotografica.com\/blog\/"},{"@type":"ListItem","position":2,"name":"T\u00e9rminos y Condiciones"}]},{"@type":"WebSite","@id":"https:\/\/manualdetecnicafotografica.com\/blog\/#website","url":"https:\/\/manualdetecnicafotografica.com\/blog\/","name":"Iniciaci\u00f3n a la Fotograf\u00eda","description":"Blog de Juan Ignacio Torres","potentialAction":[{"@type":"SearchAction","target":{"@type":"EntryPoint","urlTemplate":"https:\/\/manualdetecnicafotografica.com\/blog\/?s={search_term_string}"},"query-input":{"@type":"PropertyValueSpecification","valueRequired":true,"valueName":"search_term_string"}}],"inLanguage":"es"}]}},"_links":{"self":[{"href":"https:\/\/manualdetecnicafotografica.com\/blog\/wp-json\/wp\/v2\/pages\/1675","targetHints":{"allow":["GET"]}}],"collection":[{"href":"https:\/\/manualdetecnicafotografica.com\/blog\/wp-json\/wp\/v2\/pages"}],"about":[{"href":"https:\/\/manualdetecnicafotografica.com\/blog\/wp-json\/wp\/v2\/types\/page"}],"author":[{"embeddable":true,"href":"https:\/\/manualdetecnicafotografica.com\/blog\/wp-json\/wp\/v2\/users\/1"}],"replies":[{"embeddable":true,"href":"https:\/\/manualdetecnicafotografica.com\/blog\/wp-json\/wp\/v2\/comments?post=1675"}],"version-history":[{"count":1,"href":"https:\/\/manualdetecnicafotografica.com\/blog\/wp-json\/wp\/v2\/pages\/1675\/revisions"}],"predecessor-version":[{"id":1676,"href":"https:\/\/manualdetecnicafotografica.com\/blog\/wp-json\/wp\/v2\/pages\/1675\/revisions\/1676"}],"wp:attachment":[{"href":"https:\/\/manualdetecnicafotografica.com\/blog\/wp-json\/wp\/v2\/media?parent=1675"}],"curies":[{"name":"wp","href":"https:\/\/api.w.org\/{rel}","templated":true}]}}