{"id":1666,"date":"2020-05-08T15:27:39","date_gmt":"2020-05-08T15:27:39","guid":{"rendered":"https:\/\/manualdetecnicafotografica.com\/blog\/?page_id=1666"},"modified":"2020-05-08T15:27:41","modified_gmt":"2020-05-08T15:27:41","slug":"politica-de-privacidad","status":"publish","type":"page","link":"https:\/\/manualdetecnicafotografica.com\/blog\/politica-de-privacidad\/","title":{"rendered":"Pol\u00edtica de Privacidad"},"content":{"rendered":"<h3>Quienes somos<\/h3>\n<p>Juan Ignacio Torres y su equipo tienen como objetivo la ense\u00f1anza online de fotograf\u00eda. La mayor parte del material es de acceso gratuito para sus lectores. Esto incluye art\u00edculos, videos, multimedia, fotos, y otros documentos. Para compensar esta actividad adem\u00e1s se ofrecen libros de car\u00e1cter pago. La direcci\u00f3n de nuestro sitio web es: https:\/\/manualdetecnicafotografica.com\/blog\/<\/p>\n<h3>Qu\u00e9 datos personales recopilamos y por qu\u00e9 los recopilamos<\/h3>\n<p><strong>Comentarios<\/strong><br \/>\nCuando alguien publica un comentario en nuestro sitio, recopilamos Nombre y direcci\u00f3n de correo electr\u00f3nico. Estos datos son para que podamos ejecutar el comentario en nuestro sitio. Esta informaci\u00f3n no se comparte con terceros.<\/p>\n<p>Cuando los visitantes dejan comentarios en el sitio, recopilamos los datos que se muestran en el formulario de comentarios, y tambi\u00e9n la direcci\u00f3n IP del visitante y la cadena del agente de usuario del navegador para ayudar a la detecci\u00f3n de spam.<\/p>\n<p>Se puede proporcionar una cadena an\u00f3nima creada a partir de su direcci\u00f3n de correo electr\u00f3nico (tambi\u00e9n llamada hash) al servicio Gravatar para ver si la est\u00e1 utilizando. La pol\u00edtica de privacidad del servicio Gravatar est\u00e1 disponible aqu\u00ed: https:\/\/automattic.com\/privacy\/. Despu\u00e9s de la aprobaci\u00f3n de su comentario, su foto de perfil es visible para el p\u00fablico en el contexto de su comentario en el caso de acceder mediante un servicio personal que la posea.<\/p>\n<p><strong>Medios de comunicaci\u00f3n<\/strong><br \/>\nSi en alg\u00fan momento hubiera opci\u00f3n para cargar im\u00e1genes en el sitio web, debe evitar cargar im\u00e1genes con datos de ubicaci\u00f3n incrustados (EXIF GPS) incluidos. Los visitantes del sitio web pueden descargar y extraer los datos de ubicaci\u00f3n de las im\u00e1genes en el sitio web.<\/p>\n<p><strong>Formularios de contacto<\/strong><br \/>\nCuando alguien se contacta con nuestro sitio, recopilamos algunos datos sobre ellos; Nombre y direcci\u00f3n de correo electr\u00f3nico. Estos datos son para que podamos ejecutar nuestro sitio. Esta informaci\u00f3n no se comparte con terceros.<br \/>\nCuando los visitantes dejan comentarios en el sitio, recopilamos los datos que se muestran en el formulario de comentarios, y tambi\u00e9n la direcci\u00f3n IP del visitante y la cadena del agente de usuario del navegador para ayudar a la detecci\u00f3n de spam.<br \/>\nLa informaci\u00f3n recopilada anteriormente explicada se elimina cada 12 meses.<br \/>\nNo utilizamos la informaci\u00f3n presentada a trav\u00e9s del Formulario de contacto para fines de comunicaci\u00f3n no asociada a dicha consulta o cualquier evento de marketing.<br \/>\nEn caso de que alg\u00fan visitante desee eliminar informaci\u00f3n personal antes de los 12 meses; contacto: info\u00a0 @\u00a0 manualdetecnicafotografica.com (sin espacios).<\/p>\n<p>Usamos un complemento llamado WPform. La pol\u00edtica de privacidad del servicio WPform est\u00e1 disponible aqu\u00ed:<br \/>\nhttps:\/\/wpforms.com\/privacy-policy\/<\/p>\n<p>Este puede proporcionar una cadena an\u00f3nima creada a partir de su direcci\u00f3n de correo electr\u00f3nico (tambi\u00e9n llamada hash) al servicio Gravatar para ver si la est\u00e1 utilizando. La pol\u00edtica de privacidad del servicio Gravatar est\u00e1 disponible aqu\u00ed: https:\/\/automattic.com\/privacy\/. Despu\u00e9s de la aprobaci\u00f3n de su comentario, su foto de perfil es visible para el p\u00fablico en el contexto de su comentario.<\/p>\n<p><strong>Cookies<\/strong><br \/>\nSi deja un comentario en nuestro sitio, puede optar por guardar su nombre, direcci\u00f3n de correo electr\u00f3nico y sitio web en cookies. Estos son para su conveniencia, para que no tenga que completar sus datos nuevamente cuando deje otro comentario. Estas cookies durar\u00e1n un a\u00f1o.<\/p>\n<p>Si visita nuestra p\u00e1gina de inicio de sesi\u00f3n para realizar cualquier actividad en el sitio, estableceremos una cookie temporal para determinar si su navegador acepta cookies. Esta cookie no contiene datos personales y se descarta cuando cierra su navegador.<br \/>\nCuando inicie sesi\u00f3n, tambi\u00e9n configuraremos varias cookies para guardar su informaci\u00f3n de inicio de sesi\u00f3n y sus opciones de visualizaci\u00f3n en pantalla. Las cookies de inicio de sesi\u00f3n duran dos d\u00edas y las cookies de opciones de pantalla duran un a\u00f1o. Si selecciona \u00abRecordarme\u00bb, su inicio de sesi\u00f3n persistir\u00e1 durante dos semanas. Si cierra sesi\u00f3n en su cuenta, se eliminar\u00e1n las cookies de inicio de sesi\u00f3n.<br \/>\nSi edita o publica un art\u00edculo, se guardar\u00e1 una cookie adicional en su navegador. Esta cookie no incluye datos personales y simplemente indica el ID de publicaci\u00f3n del art\u00edculo que acaba de editar. Caduca despu\u00e9s de 1 d\u00eda.<\/p>\n<p><strong>Contenido incrustado de otros sitios web<\/strong><br \/>\nLos art\u00edculos en este sitio pueden incluir contenido incrustado (por ejemplo, videos, im\u00e1genes, art\u00edculos, etc.). El contenido incrustado de otros sitios web se comporta exactamente de la misma manera que si el visitante hubiera visitado el otro sitio web.<br \/>\nEstos sitios web pueden recopilar datos sobre usted, usar cookies, incrustar seguimiento adicional de terceros y monitorear su interacci\u00f3n con ese contenido incrustado, incluido el seguimiento de su interacci\u00f3n con el contenido incrustado si tiene una cuenta y ha iniciado sesi\u00f3n en ese sitio web.<br \/>\nEste sitio web utiliza funciones de Pinterest como el bot\u00f3n \u00abGuardar\u00bb. Pinterest puede recopilar algunos datos (descritos a continuaci\u00f3n) de este sitio.<br \/>\nPuede encontrar los procedimientos de datos de Pinterest aqu\u00ed:<br \/>\nhttps:\/\/policy.pinterest.com\/<\/p>\n<p>Contenidos<\/p>\n<p>Podemos utilizar contenido de terceros sitios web, los cu\u00e1les pueden incluir im\u00e1genes, videos, citas, textos, etc. En todos los casos proveemos cita de la fuente original de dicho material cuando as\u00ed se requiere. Si usted cree que alg\u00fan tipo de contenido est\u00e1 en violaci\u00f3n de derechos de autor, ha sido utilizado sin permiso, carece de el cr\u00e9dito necesario, ha sido adulterado o contiene alg\u00fan tipo de error, comun\u00edquelo a trav\u00e9s de nuestras v\u00edas de contacto para poder solucionarlo en el caso de que este reclamo sea leg\u00edtimo.<\/p>\n<p><strong>Anal\u00edtica<\/strong><br \/>\nUtilizamos datos anal\u00edticos de Google Analytics, los cuales sirven para monitorear la cantidad de visitantes a una p\u00e1gina, la duraci\u00f3n de la misma, la cantidad de p\u00e1ginas visitadas y otras m\u00e9tricas. No recopilamos datos personales.<\/p>\n<p>Sobre el uso de los datos de Google Analytics visita: https:\/\/policies.google.com\/privacy?hl=es<\/p>\n<p><strong>Con qui\u00e9n compartimos sus datos<\/strong><br \/>\nhttps:\/\/manualdetecnicafotografica.com\/blog\/ no comparte informaci\u00f3n con nadie. WordPress, nuestra plataforma de sitio web, no comparte ning\u00fan dato personal con nadie.<\/p>\n<p><strong>Cu\u00e1nto tiempo conservamos sus datos<\/strong><br \/>\nSi deja un comentario, el comentario y sus metadatos se retienen indefinidamente. Esto es para que podamos reconocer y aprobar cualquier comentario de seguimiento autom\u00e1ticamente en lugar de mantenerlos en una cola de moderaci\u00f3n.<br \/>\nPara los usuarios que se registran en nuestro sitio web (si corresponde), tambi\u00e9n almacenamos la informaci\u00f3n personal que proporcionan en su perfil de usuario. Todos los usuarios pueden ver, editar o eliminar su informaci\u00f3n personal en cualquier momento (excepto que no pueden cambiar su nombre de usuario). Los administradores del sitio web tambi\u00e9n pueden ver y editar esa informaci\u00f3n.<\/p>\n<p><strong>Qu\u00e9 derechos tiene usted sobre tus datos<\/strong><br \/>\nSi ha dejado comentarios, puede solicitar recibir un archivo exportado de los datos personales que tenemos sobre usted, incluidos los datos que nos haya proporcionado. Tambi\u00e9n puede solicitar que borremos cualquier informaci\u00f3n personal que tengamos sobre usted. Esto no incluye ning\u00fan dato que estemos obligados a conservar con fines administrativos, legales o de seguridad.<br \/>\nSolicitudes a: info\u00a0 @\u00a0 manualdetecnicafotografica.com (sin espacios).<\/p>\n<p><strong>Donde enviamos sus datos<\/strong><br \/>\nLos comentarios de los visitantes pueden verificarse a trav\u00e9s de un servicio automatizado de detecci\u00f3n de spam llamado Akismet.<\/p>\n<p><strong>Akismet<\/strong><br \/>\nRecopilamos informaci\u00f3n sobre los visitantes que comentan en los Sitios que utilizan nuestro servicio antispam Akismet. La informaci\u00f3n que recopilamos depende de c\u00f3mo el Usuario configure Akismet para el Sitio, pero generalmente incluye la direcci\u00f3n IP del comentarista, el agente de usuario, la referencia y la URL del sitio (junto con otra informaci\u00f3n directamente proporcionada por el comentarista, como su nombre, nombre de usuario, correo electr\u00f3nico direcci\u00f3n y el comentario en s\u00ed).<\/p>\n<p><strong>Nuestra informaci\u00f3n de contacto<\/strong><br \/>\ninfo\u00a0 @\u00a0 manualdetecnicafotografica.com (sin espacios).<\/p>\n<blockquote class=\"wp-embedded-content\" data-secret=\"8Gvs0peuyp\"><p><a href=\"https:\/\/manualdetecnicafotografica.com\/blog\/contacto\/\">Contacto<\/a><\/p><\/blockquote>\n<p><iframe loading=\"lazy\" class=\"wp-embedded-content\" sandbox=\"allow-scripts\" security=\"restricted\" style=\"position: absolute; clip: rect(1px, 1px, 1px, 1px);\" title=\"\u00abContacto\u00bb \u2014 Iniciaci\u00f3n Pr\u00e1ctica a la Fotograf\u00eda Digital\" src=\"https:\/\/manualdetecnicafotografica.com\/blog\/contacto\/embed\/#?secret=nmzB7fY54m#?secret=8Gvs0peuyp\" data-secret=\"8Gvs0peuyp\" width=\"500\" height=\"282\" frameborder=\"0\" marginwidth=\"0\" marginheight=\"0\" scrolling=\"no\"><\/iframe><\/p>\n<h3><strong>C\u00f3mo protegemos sus datos<\/strong><\/h3>\n<p><strong>Seguridad del sitio<\/strong><br \/>\nNuestro sitio tiene medidas de seguridad para proteger la p\u00e9rdida, mal uso y alteraci\u00f3n de la informaci\u00f3n bajo nuestro control. Utilizamos seguridad SSL de 128 bits para encriptar datos personales. Sin embargo, ning\u00fan m\u00e9todo de almacenamiento o transmisi\u00f3n electr\u00f3nica a trav\u00e9s de Internet es 100% seguro. Por lo tanto, no podemos garantizar su seguridad absoluta.<\/p>\n<p><strong>Qu\u00e9 procedimientos de violaci\u00f3n de datos tenemos implementados<\/strong><br \/>\nhttps:\/\/manualdetecnicafotografica.com\/blog\/\u00a0est\u00e1 alojado por namecheap.com.<br \/>\nSi Namecheap reconoce un Incidente de Seguridad, Namecheap sin demora indebida: (a) notificar\u00e1 al administrador de este sitio web del Incidente de Seguridad; y (b) tomar medidas razonables para mitigar los efectos y minimizar cualquier da\u00f1o resultante del Incidente de Seguridad.<br \/>\nPuede encontrar los procedimientos de datos de Namecheap aqu\u00ed:<br \/>\nhttps:\/\/www.namecheap.com\/legal\/universal\/data-processing-addendum\/<\/p>\n<p>Adem\u00e1s utilizamos un complemento en el sitio llamado Wordfence para evitar ataques de terceros a la integridad y seguridad de los datos contenidos en este sitio web. Para acceder a la pol\u00edtica de privacidad de Wordfence visite https:\/\/www.wordfence.com\/terms-of-use-and-privacy-policy\/<\/p>\n<p><strong>De qu\u00e9 terceros recibimos datos<\/strong><br \/>\nEste sitio web no recibe datos sobre usuarios de terceros.<\/p>\n<p><strong>Qu\u00e9 decisiones y \/ o perfiles automatizados hacemos con los datos del usuario<\/strong><br \/>\nEste sitio web no proporciona un servicio que incluye la toma de decisiones automatizada.<\/p>\n<h3>Requisitos de divulgaci\u00f3n reglamentarios de la industria<\/h3>\n<p><strong>Cambios<\/strong><br \/>\nPodemos actualizar esta Pol\u00edtica de privacidad de vez en cuando, por lo que debe verificarla peri\u00f3dicamente. Si hacemos cambios que son materiales, le enviaremos un aviso apropiado antes de que dichos cambios entren en vigencia.<\/p>\n<p><strong>Preguntas y sugerencias<\/strong><br \/>\nSi tiene preguntas, sugerencias o desea presentar una queja, complete un formulario de comentarios o puede comunicarse con nosotros en<\/p>\n<p>info\u00a0 @\u00a0 manualdetecnicafotografica.com (sin espacios).<\/p>\n<blockquote class=\"wp-embedded-content\" data-secret=\"8Gvs0peuyp\"><p><a href=\"https:\/\/manualdetecnicafotografica.com\/blog\/contacto\/\">Contacto<\/a><\/p><\/blockquote>\n<p><iframe loading=\"lazy\" class=\"wp-embedded-content\" sandbox=\"allow-scripts\" security=\"restricted\" style=\"position: absolute; clip: rect(1px, 1px, 1px, 1px);\" title=\"\u00abContacto\u00bb \u2014 Iniciaci\u00f3n Pr\u00e1ctica a la Fotograf\u00eda Digital\" src=\"https:\/\/manualdetecnicafotografica.com\/blog\/contacto\/embed\/#?secret=nmzB7fY54m#?secret=8Gvs0peuyp\" data-secret=\"8Gvs0peuyp\" width=\"500\" height=\"282\" frameborder=\"0\" marginwidth=\"0\" marginheight=\"0\" scrolling=\"no\"><\/iframe><\/p>\n","protected":false},"excerpt":{"rendered":"<p>Quienes somos Juan Ignacio Torres y su equipo tienen como objetivo la ense\u00f1anza online de fotograf\u00eda. La mayor parte del material es de acceso gratuito para sus lectores. Esto incluye art\u00edculos, videos, multimedia, fotos, y otros documentos. Para compensar esta actividad adem\u00e1s se ofrecen libros de car\u00e1cter pago. La direcci\u00f3n de nuestro sitio web es: [&hellip;]<\/p>\n","protected":false},"author":1,"featured_media":0,"parent":0,"menu_order":0,"comment_status":"closed","ping_status":"closed","template":"","meta":{"_genesis_hide_title":false,"_genesis_hide_breadcrumbs":false,"_genesis_hide_singular_image":false,"_genesis_hide_footer_widgets":false,"_genesis_custom_body_class":"","_genesis_custom_post_class":"","_genesis_layout":"","_glsr_average":0,"_glsr_ranking":0,"_glsr_reviews":0,"footnotes":"","tve_updated_post":"","tve_custom_css":"","tve_user_custom_css":"","tve_globals":{},"tcb2_ready":0,"tcb_editor_enabled":0,"tve_landing_page":"","_tve_header":"","_tve_footer":""},"class_list":{"0":"post-1666","1":"page","2":"type-page","3":"status-publish","5":"entry"},"yoast_head":"<!-- This site is optimized with the Yoast SEO plugin v27.5 - https:\/\/yoast.com\/product\/yoast-seo-wordpress\/ -->\n<title>Pol\u00edtica de Privacidad - Iniciaci\u00f3n a la Fotograf\u00eda<\/title>\n<meta name=\"robots\" content=\"index, follow, max-snippet:-1, max-image-preview:large, max-video-preview:-1\" \/>\n<link rel=\"canonical\" href=\"https:\/\/manualdetecnicafotografica.com\/blog\/politica-de-privacidad\/\" \/>\n<meta property=\"og:locale\" content=\"es_ES\" \/>\n<meta property=\"og:type\" content=\"article\" \/>\n<meta property=\"og:title\" content=\"Pol\u00edtica de Privacidad - Iniciaci\u00f3n a la Fotograf\u00eda\" \/>\n<meta property=\"og:description\" content=\"Quienes somos Juan Ignacio Torres y su equipo tienen como objetivo la ense\u00f1anza online de fotograf\u00eda. La mayor parte del material es de acceso gratuito para sus lectores. Esto incluye art\u00edculos, videos, multimedia, fotos, y otros documentos. Para compensar esta actividad adem\u00e1s se ofrecen libros de car\u00e1cter pago. La direcci\u00f3n de nuestro sitio web es: [&hellip;]\" \/>\n<meta property=\"og:url\" content=\"https:\/\/manualdetecnicafotografica.com\/blog\/politica-de-privacidad\/\" \/>\n<meta property=\"og:site_name\" content=\"Iniciaci\u00f3n a la Fotograf\u00eda\" \/>\n<meta property=\"article:modified_time\" content=\"2020-05-08T15:27:41+00:00\" \/>\n<meta name=\"twitter:card\" content=\"summary_large_image\" \/>\n<meta name=\"twitter:label1\" content=\"Tiempo de lectura\" \/>\n\t<meta name=\"twitter:data1\" content=\"8 minutos\" \/>\n<script type=\"application\/ld+json\" class=\"yoast-schema-graph\">{\"@context\":\"https:\\\/\\\/schema.org\",\"@graph\":[{\"@type\":\"WebPage\",\"@id\":\"https:\\\/\\\/manualdetecnicafotografica.com\\\/blog\\\/politica-de-privacidad\\\/\",\"url\":\"https:\\\/\\\/manualdetecnicafotografica.com\\\/blog\\\/politica-de-privacidad\\\/\",\"name\":\"Pol\u00edtica de Privacidad - Iniciaci\u00f3n a la Fotograf\u00eda\",\"isPartOf\":{\"@id\":\"https:\\\/\\\/manualdetecnicafotografica.com\\\/blog\\\/#website\"},\"datePublished\":\"2020-05-08T15:27:39+00:00\",\"dateModified\":\"2020-05-08T15:27:41+00:00\",\"breadcrumb\":{\"@id\":\"https:\\\/\\\/manualdetecnicafotografica.com\\\/blog\\\/politica-de-privacidad\\\/#breadcrumb\"},\"inLanguage\":\"es\",\"potentialAction\":[{\"@type\":\"ReadAction\",\"target\":[\"https:\\\/\\\/manualdetecnicafotografica.com\\\/blog\\\/politica-de-privacidad\\\/\"]}]},{\"@type\":\"BreadcrumbList\",\"@id\":\"https:\\\/\\\/manualdetecnicafotografica.com\\\/blog\\\/politica-de-privacidad\\\/#breadcrumb\",\"itemListElement\":[{\"@type\":\"ListItem\",\"position\":1,\"name\":\"Portada\",\"item\":\"https:\\\/\\\/manualdetecnicafotografica.com\\\/blog\\\/\"},{\"@type\":\"ListItem\",\"position\":2,\"name\":\"Pol\u00edtica de Privacidad\"}]},{\"@type\":\"WebSite\",\"@id\":\"https:\\\/\\\/manualdetecnicafotografica.com\\\/blog\\\/#website\",\"url\":\"https:\\\/\\\/manualdetecnicafotografica.com\\\/blog\\\/\",\"name\":\"Iniciaci\u00f3n a la Fotograf\u00eda\",\"description\":\"Blog de Juan Ignacio Torres\",\"potentialAction\":[{\"@type\":\"SearchAction\",\"target\":{\"@type\":\"EntryPoint\",\"urlTemplate\":\"https:\\\/\\\/manualdetecnicafotografica.com\\\/blog\\\/?s={search_term_string}\"},\"query-input\":{\"@type\":\"PropertyValueSpecification\",\"valueRequired\":true,\"valueName\":\"search_term_string\"}}],\"inLanguage\":\"es\"}]}<\/script>\n<!-- \/ Yoast SEO plugin. -->","yoast_head_json":{"title":"Pol\u00edtica de Privacidad - Iniciaci\u00f3n a la Fotograf\u00eda","robots":{"index":"index","follow":"follow","max-snippet":"max-snippet:-1","max-image-preview":"max-image-preview:large","max-video-preview":"max-video-preview:-1"},"canonical":"https:\/\/manualdetecnicafotografica.com\/blog\/politica-de-privacidad\/","og_locale":"es_ES","og_type":"article","og_title":"Pol\u00edtica de Privacidad - Iniciaci\u00f3n a la Fotograf\u00eda","og_description":"Quienes somos Juan Ignacio Torres y su equipo tienen como objetivo la ense\u00f1anza online de fotograf\u00eda. La mayor parte del material es de acceso gratuito para sus lectores. Esto incluye art\u00edculos, videos, multimedia, fotos, y otros documentos. Para compensar esta actividad adem\u00e1s se ofrecen libros de car\u00e1cter pago. La direcci\u00f3n de nuestro sitio web es: [&hellip;]","og_url":"https:\/\/manualdetecnicafotografica.com\/blog\/politica-de-privacidad\/","og_site_name":"Iniciaci\u00f3n a la Fotograf\u00eda","article_modified_time":"2020-05-08T15:27:41+00:00","twitter_card":"summary_large_image","twitter_misc":{"Tiempo de lectura":"8 minutos"},"schema":{"@context":"https:\/\/schema.org","@graph":[{"@type":"WebPage","@id":"https:\/\/manualdetecnicafotografica.com\/blog\/politica-de-privacidad\/","url":"https:\/\/manualdetecnicafotografica.com\/blog\/politica-de-privacidad\/","name":"Pol\u00edtica de Privacidad - Iniciaci\u00f3n a la Fotograf\u00eda","isPartOf":{"@id":"https:\/\/manualdetecnicafotografica.com\/blog\/#website"},"datePublished":"2020-05-08T15:27:39+00:00","dateModified":"2020-05-08T15:27:41+00:00","breadcrumb":{"@id":"https:\/\/manualdetecnicafotografica.com\/blog\/politica-de-privacidad\/#breadcrumb"},"inLanguage":"es","potentialAction":[{"@type":"ReadAction","target":["https:\/\/manualdetecnicafotografica.com\/blog\/politica-de-privacidad\/"]}]},{"@type":"BreadcrumbList","@id":"https:\/\/manualdetecnicafotografica.com\/blog\/politica-de-privacidad\/#breadcrumb","itemListElement":[{"@type":"ListItem","position":1,"name":"Portada","item":"https:\/\/manualdetecnicafotografica.com\/blog\/"},{"@type":"ListItem","position":2,"name":"Pol\u00edtica de Privacidad"}]},{"@type":"WebSite","@id":"https:\/\/manualdetecnicafotografica.com\/blog\/#website","url":"https:\/\/manualdetecnicafotografica.com\/blog\/","name":"Iniciaci\u00f3n a la Fotograf\u00eda","description":"Blog de Juan Ignacio Torres","potentialAction":[{"@type":"SearchAction","target":{"@type":"EntryPoint","urlTemplate":"https:\/\/manualdetecnicafotografica.com\/blog\/?s={search_term_string}"},"query-input":{"@type":"PropertyValueSpecification","valueRequired":true,"valueName":"search_term_string"}}],"inLanguage":"es"}]}},"_links":{"self":[{"href":"https:\/\/manualdetecnicafotografica.com\/blog\/wp-json\/wp\/v2\/pages\/1666","targetHints":{"allow":["GET"]}}],"collection":[{"href":"https:\/\/manualdetecnicafotografica.com\/blog\/wp-json\/wp\/v2\/pages"}],"about":[{"href":"https:\/\/manualdetecnicafotografica.com\/blog\/wp-json\/wp\/v2\/types\/page"}],"author":[{"embeddable":true,"href":"https:\/\/manualdetecnicafotografica.com\/blog\/wp-json\/wp\/v2\/users\/1"}],"replies":[{"embeddable":true,"href":"https:\/\/manualdetecnicafotografica.com\/blog\/wp-json\/wp\/v2\/comments?post=1666"}],"version-history":[{"count":3,"href":"https:\/\/manualdetecnicafotografica.com\/blog\/wp-json\/wp\/v2\/pages\/1666\/revisions"}],"predecessor-version":[{"id":1673,"href":"https:\/\/manualdetecnicafotografica.com\/blog\/wp-json\/wp\/v2\/pages\/1666\/revisions\/1673"}],"wp:attachment":[{"href":"https:\/\/manualdetecnicafotografica.com\/blog\/wp-json\/wp\/v2\/media?parent=1666"}],"curies":[{"name":"wp","href":"https:\/\/api.w.org\/{rel}","templated":true}]}}